{"id":54,"date":"2020-01-21T15:27:30","date_gmt":"2020-01-21T15:27:30","guid":{"rendered":"https:\/\/space.xtemos.com\/demo\/hitek\/?page_id=54"},"modified":"2023-08-30T16:33:28","modified_gmt":"2023-08-30T16:33:28","slug":"about-us","status":"publish","type":"page","link":"https:\/\/flakhobby.com\/sr\/about-us\/","title":{"rendered":"O nama"},"content":{"rendered":"<div data-elementor-type=\"wp-page\" data-elementor-id=\"54\" class=\"elementor elementor-54\">\n\t\t\t\t\t\t<section class=\"xts-negative-gap elementor-section elementor-top-section elementor-element elementor-element-f907fd0 elementor-section-content-middle elementor-section-boxed elementor-section-height-default elementor-section-height-default xts-section-disabled\" data-id=\"f907fd0\" data-element_type=\"section\" data-e-type=\"section\">\n\t\t\t\t\t\t<div class=\"elementor-container elementor-column-gap-wide\">\n\t\t\t\t\t<div class=\"elementor-column elementor-col-50 elementor-top-column elementor-element elementor-element-2fa9e0c\" data-id=\"2fa9e0c\" data-element_type=\"column\" data-e-type=\"column\">\n\t\t\t<div class=\"elementor-widget-wrap elementor-element-populated\">\n\t\t\t\t\t\t<div class=\"elementor-element elementor-element-9c35cdd elementor-widget elementor-widget-xts_image\" data-id=\"9c35cdd\" data-element_type=\"widget\" data-e-type=\"widget\" data-widget_type=\"xts_image.default\">\n\t\t\t\t<div class=\"elementor-widget-container\">\n\t\t\t\t\t\t\t\t<div class=\"xts-image-single xts-textalign-center\">\n\t\t\t\t<figure class=\"xts-image\">\n\t\t\t\t\t\t\t\t\t\t\t<div class=\"xts-image-inner\">\n\t\t\t\t\t\n\t\t\t\t\t\t<img decoding=\"async\" src=\"https:\/\/flakhobby.com\/wp-content\/uploads\/elementor\/thumbs\/IMG_20220217_132329-pl50uf94jw4bea4dbumtz1pij1wbwgpxugtt6qfb70.jpg\" title=\"O Nama\" alt=\"O Nama\" loading=\"lazy\" \/>\n\t\t\t\t\t\t\t\t\t\t\t<\/div>\n\t\t\t\t\t\n\t\t\t\t\t\t\t\t\t<\/figure>\n\n\t\t\t\t\t\t\t<\/div>\n\t\t\t\t\t\t<\/div>\n\t\t\t\t<\/div>\n\t\t\t\t\t<\/div>\n\t\t<\/div>\n\t\t\t\t<div class=\"elementor-column elementor-col-50 elementor-top-column elementor-element elementor-element-087ab21\" data-id=\"087ab21\" data-element_type=\"column\" data-e-type=\"column\">\n\t\t\t<div class=\"elementor-widget-wrap elementor-element-populated\">\n\t\t\t\t\t\t<div class=\"elementor-element elementor-element-fcf09fe xts-scheme-inherit xts-textalign-inherit elementor-widget elementor-widget-text-editor\" data-id=\"fcf09fe\" data-element_type=\"widget\" data-e-type=\"widget\" data-widget_type=\"text-editor.default\">\n\t\t\t\t<div class=\"elementor-widget-container\">\n\t\t\t\t\t\t\t\t\t<p>&nbsp; &nbsp; &nbsp; &nbsp; &nbsp; Flak Hobby, specijalizovana prodavnica za prodaju maketa, boja, maketarskog pribora i ostale propratne opreme, otvorena je 2019. godine u skromnom sastavu.<\/p>\n<p>Posve\u0107eno radimo na tome da kod nas (u skorijoj budu\u0107nosti) bude dostupno sve \u0161to bi Vam ikada bilo neophodno za maketarstvo.\n\nUkoliko se odlu\u010dite za kupovinu sa na\u0161eg sajta ili putem mejla, robu \u0161aljemo u najkra\u0107em mogu\u0107em roku - \u0161to zna\u010di da \u0107e biti isporu\u010dena brzo i sigurno uslugom PostExpress Po\u0161te Srbije - danas za sutra.&nbsp;<\/p>\n<p>Ukoliko ste, pak, u mogu\u0107nosti da nas posetite u TC Banjica u Beogradu, tamo \u0107e Vas do\u010dekati Marko, koji \u0107e Vam pomo\u0107i sa maketarskim savetima i preporukama za boje.&nbsp;<\/p><p>Sajt se a\u017eurira na kraju svakog radnog dana. Za vi\u0161e informacija o nabavljanju maketa i robe koja trenutno nije na stanju pogledajte sekciju \u010desto postavljana pitanja, u odeljku - KONTAKT.\nAko imate bilo kakva pitanja oko samih maketama, boja ili druge hemije, slobodno nam mo\u017eete pisati putem mejla ili formulara na sajtu u odeljku - KONTAKT.<\/p>\t\t\t\t\t\t\t\t<\/div>\n\t\t\t\t<\/div>\n\t\t\t\t\t<\/div>\n\t\t<\/div>\n\t\t\t\t\t<\/div>\n\t\t<\/section>\n\t\t\t\t<\/div>","protected":false},"excerpt":{"rendered":"<p>&nbsp; &nbsp; &nbsp; &nbsp; &nbsp; Flak Hobby is a retail store dedicated to scale models, paints and tools, open since 2019. We strive towards being able to provide everything one might ever need in their scale modelling endeavours. If you decide to place an online order with us, the goods will be sent out as [&hellip;]<\/p>\n","protected":false},"author":1,"featured_media":0,"parent":0,"menu_order":0,"comment_status":"closed","ping_status":"closed","template":"","meta":{"footnotes":""},"class_list":["post-54","page","type-page","status-publish","hentry"],"_links":{"self":[{"href":"https:\/\/flakhobby.com\/sr\/wp-json\/wp\/v2\/pages\/54","targetHints":{"allow":["GET"]}}],"collection":[{"href":"https:\/\/flakhobby.com\/sr\/wp-json\/wp\/v2\/pages"}],"about":[{"href":"https:\/\/flakhobby.com\/sr\/wp-json\/wp\/v2\/types\/page"}],"author":[{"embeddable":true,"href":"https:\/\/flakhobby.com\/sr\/wp-json\/wp\/v2\/users\/1"}],"replies":[{"embeddable":true,"href":"https:\/\/flakhobby.com\/sr\/wp-json\/wp\/v2\/comments?post=54"}],"version-history":[{"count":19,"href":"https:\/\/flakhobby.com\/sr\/wp-json\/wp\/v2\/pages\/54\/revisions"}],"predecessor-version":[{"id":19403,"href":"https:\/\/flakhobby.com\/sr\/wp-json\/wp\/v2\/pages\/54\/revisions\/19403"}],"wp:attachment":[{"href":"https:\/\/flakhobby.com\/sr\/wp-json\/wp\/v2\/media?parent=54"}],"curies":[{"name":"wp","href":"https:\/\/api.w.org\/{rel}","templated":true}]}}