{"id":51,"date":"2020-01-21T15:27:21","date_gmt":"2020-01-21T15:27:21","guid":{"rendered":"https:\/\/space.xtemos.com\/demo\/hitek\/?page_id=51"},"modified":"2026-01-21T21:08:27","modified_gmt":"2026-01-21T20:08:27","slug":"contact-us","status":"publish","type":"page","link":"https:\/\/flakhobby.com\/sr\/contact-us\/","title":{"rendered":"Kontakt"},"content":{"rendered":"<div data-elementor-type=\"wp-page\" data-elementor-id=\"51\" class=\"elementor elementor-51\">\n\t\t\t\t\t\t<section class=\"xts-negative-gap elementor-section elementor-top-section elementor-element elementor-element-fcb34bb elementor-section-boxed elementor-section-height-default elementor-section-height-default xts-section-disabled\" data-id=\"fcb34bb\" data-element_type=\"section\" data-e-type=\"section\">\n\t\t\t\t\t\t<div class=\"elementor-container elementor-column-gap-default\">\n\t\t\t\t\t<div class=\"elementor-column elementor-col-100 elementor-top-column elementor-element elementor-element-810f0e0\" data-id=\"810f0e0\" data-element_type=\"column\" data-e-type=\"column\">\n\t\t\t<div class=\"elementor-widget-wrap elementor-element-populated\">\n\t\t\t\t\t\t<div class=\"elementor-element elementor-element-447d613 elementor-widget elementor-widget-shortcode\" data-id=\"447d613\" data-element_type=\"widget\" data-e-type=\"widget\" data-widget_type=\"shortcode.default\">\n\t\t\t\t<div class=\"elementor-widget-container\">\n\t\t\t\t\t\t\t<div class=\"elementor-shortcode\"><iframe src=\"https:\/\/www.google.com\/maps\/embed?pb=!1m18!1m12!1m3!1d2833.1790616252497!2d20.474312051826658!3d44.75676277899645!2m3!1f0!2f0!3f0!3m2!1i1024!2i768!4f13.1!3m3!1m2!1s0x475a71050a004a8f%3A0x38260843583a662d!2z0J_QsNGD0L3QvtCy0LAgMjQsINCR0LXQvtCz0YDQsNC0!5e0!3m2!1ssr!2srs!4v1645982033079!5m2!1ssr!2srs\" width=\"600\" height=\"450\" style=\"border:0;\" allowfullscreen=\"\" loading=\"lazy\"><\/iframe><\/div>\n\t\t\t\t\t\t<\/div>\n\t\t\t\t<\/div>\n\t\t\t\t\t<\/div>\n\t\t<\/div>\n\t\t\t\t\t<\/div>\n\t\t<\/section>\n\t\t\t\t<section class=\"xts-negative-gap elementor-section elementor-top-section elementor-element elementor-element-50b25e7 elementor-section-boxed elementor-section-height-default elementor-section-height-default xts-section-disabled\" data-id=\"50b25e7\" data-element_type=\"section\" data-e-type=\"section\">\n\t\t\t\t\t\t<div class=\"elementor-container elementor-column-gap-default\">\n\t\t\t\t\t<div class=\"elementor-column elementor-col-100 elementor-top-column elementor-element elementor-element-0799ce0\" data-id=\"0799ce0\" data-element_type=\"column\" data-e-type=\"column\">\n\t\t\t<div class=\"elementor-widget-wrap\">\n\t\t\t\t\t\t\t<\/div>\n\t\t<\/div>\n\t\t\t\t\t<\/div>\n\t\t<\/section>\n\t\t\t\t<section class=\"xts-negative-gap elementor-section elementor-top-section elementor-element elementor-element-eb246f4 elementor-section-boxed elementor-section-height-default elementor-section-height-default xts-section-disabled\" data-id=\"eb246f4\" data-element_type=\"section\" data-e-type=\"section\">\n\t\t\t\t\t\t<div class=\"elementor-container elementor-column-gap-wide\">\n\t\t\t\t\t<div class=\"elementor-column elementor-col-50 elementor-top-column elementor-element elementor-element-95bcc6a\" data-id=\"95bcc6a\" data-element_type=\"column\" data-e-type=\"column\">\n\t\t\t<div class=\"elementor-widget-wrap elementor-element-populated\">\n\t\t\t\t\t\t<div class=\"elementor-element elementor-element-b3b7951 elementor-widget elementor-widget-heading\" data-id=\"b3b7951\" data-element_type=\"widget\" data-e-type=\"widget\" data-widget_type=\"heading.default\">\n\t\t\t\t<div class=\"elementor-widget-container\">\n\t\t\t\t\t<h2 class=\"elementor-heading-title elementor-size-default\">\u010cesto postavljana pitanja<\/h2>\t\t\t\t<\/div>\n\t\t\t\t<\/div>\n\t\t\t\t<div class=\"elementor-element elementor-element-4563283 elementor-widget elementor-widget-xts_accordion\" data-id=\"4563283\" data-element_type=\"widget\" data-e-type=\"widget\" data-widget_type=\"xts_accordion.default\">\n\t\t\t\t<div class=\"elementor-widget-container\">\n\t\t\t\t\t\t\t<div class=\"xts-accordion xts-style-bordered\" data-toggle-self=\"yes\" data-state=\"first\">\n\t\t\t\t\t\t\t<div class=\"xts-accordion-item\">\n\t\t\t\t\t\n\t\t\t\t\t<div class=\"xts-accordion-title xts-textalign-left xts-icon-right xts-active\"\n\t\t\t\t\t\tdata-accordion-index=\"0\">\n\t\t\t\t\t\t<span class=\"xts-accordion-title-text\">Kako mogu da poru\u010dim proizvode sa web\u0161opa?<\/span>\n\t\t\t\t\t\t<span class=\"xts-accordion-icon xts-style-arrow\"><\/span>\n\t\t\t\t\t<\/div>\n\n\t\t\t\t\t<div class=\"xts-accordion-content xts-active elementor-repeater-item-0a6f7ff xts-textalign-left\"\n\t\t\t\t\t\tdata-accordion-index=\"0\">\n\t\t\t\t\t\t\t\t\t\t\t\t\t<div class=\"xts-accordion-desc\"\n\t\t\t\t\t\t\t\tdata-elementor-setting-key=\"accordion_items.0.item_desc\">\n\t\t\t\t\t\t\t\tPoru\u010divanje sa webshopa je vrlo jednostavno. \u017deljene artikle dodate u korpu i kliknete dugme plati\/poru\u010d.\nRoba se \u0161alje isklju\u010divo PostExpress slu\u017ebom, a sve porud\u017ebine koje dobijemo radnim danima do 14h, bi\u0107e poslate isti dan i mo\u017ee se o\u010dekivati da stignu slede\u0107eg radnog dana.\t\t\t\t\t\t\t<\/div>\n\t\t\t\t\t\t\t\t\t\t\t<\/div>\n\t\t\t\t<\/div>\n\t\t\t\t\t\t\t<div class=\"xts-accordion-item\">\n\t\t\t\t\t\n\t\t\t\t\t<div class=\"xts-accordion-title xts-textalign-left xts-icon-right\"\n\t\t\t\t\t\tdata-accordion-index=\"1\">\n\t\t\t\t\t\t<span class=\"xts-accordion-title-text\">2. Kako mogu da poru\u010dim artikle kojih trenutno nema na stanju?<\/span>\n\t\t\t\t\t\t<span class=\"xts-accordion-icon xts-style-arrow\"><\/span>\n\t\t\t\t\t<\/div>\n\n\t\t\t\t\t<div class=\"xts-accordion-content elementor-repeater-item-cddb2cc xts-textalign-left\"\n\t\t\t\t\t\tdata-accordion-index=\"1\">\n\t\t\t\t\t\t\t\t\t\t\t\t\t<div class=\"xts-accordion-desc\"\n\t\t\t\t\t\t\t\tdata-elementor-setting-key=\"accordion_items.1.item_desc\">\n\t\t\t\t\t\t\t\tUkoliko se dogodi da proizvod koji \u017eelite trenutno nije na stanju, imajte u vidu da radnja Flak Hobby obnavlja lager na mesec do mesec i po dana.\nNa sajtu, fejsbuk stranici i u newsletteru \u0107e biti nazna\u010deno da je u toku poru\u010divanje nove robe. Tada mo\u017eete da nam se javite na mejl\/telefonom itd. sa Va\u0161om porud\u017ebinom.\n\u017delimo napomenuti da tek nakon \u0161to istekne gorepomenuti period naru\u010divanja, robu mo\u017eete o\u010dekivati u okvirnom vremenskom periodu od oko 3 nedelje. \n\nMogu\u0107e je poru\u010diti sve artikle brendova koji su prikazani na na\u0161em sajtu, pod uslovom da dobavlja\u010d ima taj artikal na stanju, u trenutku poru\u010divanja.\nNa primer, brend Tamiya je istaknut na na\u0161em sajtu. To zna\u010di, da slobodno mo\u017eete poslati upit za cenu i dostupnost BILO KOG Tamiya porizvoda \u010dak i ukoliko nije na na\u0161em sajtu.\nOvo pravilo va\u017ei za sve brendove istaknute na na\u0161em sajtu.\n\t\t\t\t\t\t\t<\/div>\n\t\t\t\t\t\t\t\t\t\t\t<\/div>\n\t\t\t\t<\/div>\n\t\t\t\t\t\t\t<div class=\"xts-accordion-item\">\n\t\t\t\t\t\n\t\t\t\t\t<div class=\"xts-accordion-title xts-textalign-left xts-icon-right\"\n\t\t\t\t\t\tdata-accordion-index=\"2\">\n\t\t\t\t\t\t<span class=\"xts-accordion-title-text\">3. Kako mogu da poru\u010dim Eduard novitete?<\/span>\n\t\t\t\t\t\t<span class=\"xts-accordion-icon xts-style-arrow\"><\/span>\n\t\t\t\t\t<\/div>\n\n\t\t\t\t\t<div class=\"xts-accordion-content elementor-repeater-item-2ff7d1f xts-textalign-left\"\n\t\t\t\t\t\tdata-accordion-index=\"2\">\n\t\t\t\t\t\t\t\t\t\t\t\t\t<div class=\"xts-accordion-desc\"\n\t\t\t\t\t\t\t\tdata-elementor-setting-key=\"accordion_items.2.item_desc\">\n\t\t\t\t\t\t\t\tEduard objvaljuje nove proizvode svakog meseca. Trudimo se da uvek imamo najnovije Eduard proizvode u ponudi\ni zato je poru\u010divanje njhihovih artikala (maketa,eceraja,rezina,maski, itd) \nmogu\u0107e od 1. do 10. u mesecu, svakog meseca, a poru\u010dena roba obi\u010dno stigne do kraja istog.\nMogu\u0107e je poru\u010diti sve proizvode sa Eduardovog sajta (isklju\u010duju\u0107i Gunze, Mission Models i sve \u0161to nije Eduard).\t\t\t\t\t\t\t<\/div>\n\t\t\t\t\t\t\t\t\t\t\t<\/div>\n\t\t\t\t<\/div>\n\t\t\t\t\t\t\t<div class=\"xts-accordion-item\">\n\t\t\t\t\t\n\t\t\t\t\t<div class=\"xts-accordion-title xts-textalign-left xts-icon-right\"\n\t\t\t\t\t\tdata-accordion-index=\"3\">\n\t\t\t\t\t\t<span class=\"xts-accordion-title-text\">4. Da li je mogu\u0107e platiti karticom ili \u010dekovima u maloprodajnoj radnji?<\/span>\n\t\t\t\t\t\t<span class=\"xts-accordion-icon xts-style-arrow\"><\/span>\n\t\t\t\t\t<\/div>\n\n\t\t\t\t\t<div class=\"xts-accordion-content elementor-repeater-item-ff7b2b9 xts-textalign-left\"\n\t\t\t\t\t\tdata-accordion-index=\"3\">\n\t\t\t\t\t\t\t\t\t\t\t\t\t<div class=\"xts-accordion-desc\"\n\t\t\t\t\t\t\t\tdata-elementor-setting-key=\"accordion_items.3.item_desc\">\n\t\t\t\t\t\t\t\tYou can pay at our store using a credit or debit card, but we do not accept checks.\n\t\t\t\t\t\t\t<\/div>\n\t\t\t\t\t\t\t\t\t\t\t<\/div>\n\t\t\t\t<\/div>\n\t\t\t\t\t\t\t<div class=\"xts-accordion-item\">\n\t\t\t\t\t\n\t\t\t\t\t<div class=\"xts-accordion-title xts-textalign-left xts-icon-right\"\n\t\t\t\t\t\tdata-accordion-index=\"4\">\n\t\t\t\t\t\t<span class=\"xts-accordion-title-text\">5. Koja je razlika izme\u0111u AK Real Colors i AMMO MIG boja?<\/span>\n\t\t\t\t\t\t<span class=\"xts-accordion-icon xts-style-arrow\"><\/span>\n\t\t\t\t\t<\/div>\n\n\t\t\t\t\t<div class=\"xts-accordion-content elementor-repeater-item-22382a1 xts-textalign-left\"\n\t\t\t\t\t\tdata-accordion-index=\"4\">\n\t\t\t\t\t\t\t\t\t\t\t\t\t<div class=\"xts-accordion-desc\"\n\t\t\t\t\t\t\t\tdata-elementor-setting-key=\"accordion_items.4.item_desc\">\n\t\t\t\t\t\t\t\tAMMO MiG boje su akrilne na vodenoj bazi u pakovanjima od 17mL sa kapalicom na vrhu.\nMogu\u0107e ih je razre\u0111ivati vodom, ali i njihovim zasebnim razre\u0111iva\u010dem.\nOdli\u010dne su za rad sa \u010detkicom, jer i nerazre\u0111ene nisu previ\u0161e guste. Vrlo dobro se \nprskaju airbrushem, ali je preporu\u010deno razre\u0111ivanje za najbolje rezultate.\nPreporu\u010deno je i kori\u0161\u0107enje prajmera, jer se vodene boje ne hvataju najbolje na golu plastiku.\nNisu toksi\u010dne i nemaju nikakv zna\u010dajan miris pri prskanju.\n\nAK Real Colors boje su tako\u0111e akrilne, ali na bazi sinteti\u010dkog razre\u0111iva\u010da, kao Tamiya X,XF Acrylic Lacquer serija ili Mr. Color boje.\nPakovane su u staklene bo\u010dice od 10mL. Mogu\u0107e ih je razrediti Izopropil alkoholom, Tamiya Lacqer Thinnerom (\u017duti \u010dep), Mr Color Levelling Thinner.\nOne imaju i svoj razre\u0111iva\u010d AK High Compatibility Levelling Thinner.\nOve boje je najbolje prskati i veoma su otporne na traku i to nakon samo nekoliko minuta su\u0161enja. Postoji serija boja za oklop i avijaciju po standardima svih velikih nacija.\nTo zna\u010di da nema me\u0161anja 15 boja za jednu nijansu. Sve je ve\u0107 dostupno.\nKvalitet im je na nivou Mr.Color boja, a mogu se pohvaliti i \u010dinjenicom da se znatno manje ose\u0107aju pri prskanju.\t\t\t\t\t\t\t<\/div>\n\t\t\t\t\t\t\t\t\t\t\t<\/div>\n\t\t\t\t<\/div>\n\t\t\t\t\t<\/div>\n\t\t\t\t\t\t<\/div>\n\t\t\t\t<\/div>\n\t\t\t\t\t<\/div>\n\t\t<\/div>\n\t\t\t\t<div class=\"elementor-column elementor-col-50 elementor-top-column elementor-element elementor-element-b92b978\" data-id=\"b92b978\" data-element_type=\"column\" data-e-type=\"column\">\n\t\t\t<div class=\"elementor-widget-wrap elementor-element-populated\">\n\t\t\t\t\t\t<div class=\"elementor-element elementor-element-d9e21e7 xts-width-100 elementor-widget elementor-widget-xts_title\" data-id=\"d9e21e7\" data-element_type=\"widget\" data-e-type=\"widget\" data-widget_type=\"xts_title.default\">\n\t\t\t\t<div class=\"elementor-widget-container\">\n\t\t\t\t\t\t\t\t<div class=\"xts-section-heading xts-reset-mb-10 xts-reset-last xts-textalign-left\" data-animation-delay=\"\">\n\t\t\t\t\n\t\t\t\t\t\t\t\t\t<h4 class=\"xts-section-title title xts-design-default xts-fontsize-xl\">\n\t\t\t\t\t\t<span class=\"xts-section-title-text\" data-elementor-setting-key=\"title\">\n\t\t\t\t\t\t\tPostavite Va\u0161a pitanja\t\t\t\t\t\t<\/span>\n\n\t\t\t\t\t\t\t\t\t\t\t<\/h4>\n\t\t\t\t\n\t\t\t\t\n\t\t\t\t\t\t\t<\/div>\n\t\t\t\t\t\t<\/div>\n\t\t\t\t<\/div>\n\t\t\t\t<div class=\"elementor-element elementor-element-11cbda5 elementor-widget elementor-widget-xts_contact_form_7\" data-id=\"11cbda5\" data-element_type=\"widget\" data-e-type=\"widget\" data-widget_type=\"xts_contact_form_7.default\">\n\t\t\t\t<div class=\"elementor-widget-container\">\n\t\t\t\t\t\n<div class=\"wpcf7 no-js\" id=\"wpcf7-f28350-o1\" lang=\"en-US\" dir=\"ltr\" data-wpcf7-id=\"28350\">\n<div class=\"screen-reader-response\"><p role=\"status\" aria-live=\"polite\" aria-atomic=\"true\"><\/p> <ul><\/ul><\/div>\n<form action=\"\/sr\/wp-json\/wp\/v2\/pages\/51#wpcf7-f28350-o1\" method=\"post\" class=\"wpcf7-form init\" aria-label=\"Contact form\" novalidate=\"novalidate\" data-status=\"init\" data-trp-original-action=\"\/sr\/wp-json\/wp\/v2\/pages\/51#wpcf7-f28350-o1\">\n<fieldset class=\"hidden-fields-container\"><input type=\"hidden\" name=\"_wpcf7\" value=\"28350\" \/><input type=\"hidden\" name=\"_wpcf7_version\" value=\"6.1.5\" \/><input type=\"hidden\" name=\"_wpcf7_locale\" value=\"en_US\" \/><input type=\"hidden\" name=\"_wpcf7_unit_tag\" value=\"wpcf7-f28350-o1\" \/><input type=\"hidden\" name=\"_wpcf7_container_post\" value=\"0\" \/><input type=\"hidden\" name=\"_wpcf7_posted_data_hash\" value=\"\" \/>\n<\/fieldset>\n<p><label> Your name<br \/>\n<span class=\"wpcf7-form-control-wrap\" data-name=\"your-name\"><input size=\"40\" maxlength=\"400\" class=\"wpcf7-form-control wpcf7-text wpcf7-validates-as-required\" autocomplete=\"name\" aria-required=\"true\" aria-invalid=\"false\" value=\"\" type=\"text\" name=\"your-name\" \/><\/span> <\/label>\n<\/p>\n<p><label> Your email<br \/>\n<span class=\"wpcf7-form-control-wrap\" data-name=\"your-email\"><input size=\"40\" maxlength=\"400\" class=\"wpcf7-form-control wpcf7-email wpcf7-validates-as-required wpcf7-text wpcf7-validates-as-email\" autocomplete=\"email\" aria-required=\"true\" aria-invalid=\"false\" value=\"\" type=\"email\" name=\"your-email\" \/><\/span> <\/label>\n<\/p>\n<p><label> Subject<br \/>\n<span class=\"wpcf7-form-control-wrap\" data-name=\"your-subject\"><input size=\"40\" maxlength=\"400\" class=\"wpcf7-form-control wpcf7-text wpcf7-validates-as-required\" aria-required=\"true\" aria-invalid=\"false\" value=\"\" type=\"text\" name=\"your-subject\" \/><\/span> <\/label>\n<\/p>\n<p><label> Your message (optional)<br \/>\n<span class=\"wpcf7-form-control-wrap\" data-name=\"your-message\"><textarea cols=\"40\" rows=\"10\" maxlength=\"2000\" class=\"wpcf7-form-control wpcf7-textarea\" aria-invalid=\"false\" name=\"your-message\"><\/textarea><\/span> <\/label>\n<\/p>\n<p><input class=\"wpcf7-form-control wpcf7-submit has-spinner\" type=\"submit\" value=\"Submit\" \/>\n<\/p><div class=\"wpcf7-response-output\" aria-hidden=\"true\"><\/div>\n<input type=\"hidden\" name=\"trp-form-language\" value=\"sr\"\/><\/form>\n<\/div>\n\t\t\t\t<\/div>\n\t\t\t\t<\/div>\n\t\t\t\t\t<\/div>\n\t\t<\/div>\n\t\t\t\t\t<\/div>\n\t\t<\/section>\n\t\t\t\t<\/div>","protected":false},"excerpt":{"rendered":"<p>FAQ 1. How can I order products from the webshop? How can I order products from the webshop? Making an order from the webshop is easy. Add the desired items to the card and click the Checkout button. We deliver our products exclusively via PostExpress. All orders before 14h will be sent on its way [&hellip;]<\/p>\n","protected":false},"author":1,"featured_media":0,"parent":0,"menu_order":0,"comment_status":"closed","ping_status":"closed","template":"","meta":{"footnotes":""},"class_list":["post-51","page","type-page","status-publish","hentry"],"_links":{"self":[{"href":"https:\/\/flakhobby.com\/sr\/wp-json\/wp\/v2\/pages\/51","targetHints":{"allow":["GET"]}}],"collection":[{"href":"https:\/\/flakhobby.com\/sr\/wp-json\/wp\/v2\/pages"}],"about":[{"href":"https:\/\/flakhobby.com\/sr\/wp-json\/wp\/v2\/types\/page"}],"author":[{"embeddable":true,"href":"https:\/\/flakhobby.com\/sr\/wp-json\/wp\/v2\/users\/1"}],"replies":[{"embeddable":true,"href":"https:\/\/flakhobby.com\/sr\/wp-json\/wp\/v2\/comments?post=51"}],"version-history":[{"count":45,"href":"https:\/\/flakhobby.com\/sr\/wp-json\/wp\/v2\/pages\/51\/revisions"}],"predecessor-version":[{"id":28353,"href":"https:\/\/flakhobby.com\/sr\/wp-json\/wp\/v2\/pages\/51\/revisions\/28353"}],"wp:attachment":[{"href":"https:\/\/flakhobby.com\/sr\/wp-json\/wp\/v2\/media?parent=51"}],"curies":[{"name":"wp","href":"https:\/\/api.w.org\/{rel}","templated":true}]}}