{"id":8988,"date":"2022-03-07T19:36:10","date_gmt":"2022-03-07T19:36:10","guid":{"rendered":"https:\/\/flakhobby.com\/?post_type=product&#038;p=8988"},"modified":"2022-09-30T21:38:24","modified_gmt":"2022-09-30T21:38:24","slug":"dark-rust-2","status":"publish","type":"product","link":"http:\/\/flakhobby.com\/sr\/\u043f\u0440\u043e\u0438\u0437\u0432\u043e\u0434\/dark-rust-2\/","title":{"rendered":"Dark Rust"},"content":{"rendered":"<p>Abteilung 502 uljana boja \u2013 tamna r\u0111a<\/p>\n<p>Boja za simuliranje tamnije r\u0111e. Odli\u010dno se sla\u017ee sa ABT060 svetlom nijansom r\u0111e.<\/p>","protected":false},"excerpt":{"rendered":"<p>Uljana boja za makete<\/p>","protected":false},"featured_media":8989,"template":"","meta":[],"product_brand":[],"product_cat":[354,349],"product_tag":[],"class_list":{"0":"post-8988","1":"product","2":"type-product","3":"status-publish","4":"has-post-thumbnail","6":"product_cat-uljane-boje","7":"product_cat-weathering","8":"pa_brand-abteilung-502","10":"first","11":"instock","12":"shipping-taxable","13":"purchasable","14":"product-type-simple"},"_links":{"self":[{"href":"http:\/\/flakhobby.com\/sr\/wp-json\/wp\/v2\/product\/8988","targetHints":{"allow":["GET"]}}],"collection":[{"href":"http:\/\/flakhobby.com\/sr\/wp-json\/wp\/v2\/product"}],"about":[{"href":"http:\/\/flakhobby.com\/sr\/wp-json\/wp\/v2\/types\/product"}],"version-history":[{"count":1,"href":"http:\/\/flakhobby.com\/sr\/wp-json\/wp\/v2\/product\/8988\/revisions"}],"predecessor-version":[{"id":8990,"href":"http:\/\/flakhobby.com\/sr\/wp-json\/wp\/v2\/product\/8988\/revisions\/8990"}],"wp:featuredmedia":[{"embeddable":true,"href":"http:\/\/flakhobby.com\/sr\/wp-json\/wp\/v2\/media\/8989"}],"wp:attachment":[{"href":"http:\/\/flakhobby.com\/sr\/wp-json\/wp\/v2\/media?parent=8988"}],"wp:term":[{"taxonomy":"product_brand","embeddable":true,"href":"http:\/\/flakhobby.com\/sr\/wp-json\/wp\/v2\/product_brand?post=8988"},{"taxonomy":"product_cat","embeddable":true,"href":"http:\/\/flakhobby.com\/sr\/wp-json\/wp\/v2\/product_cat?post=8988"},{"taxonomy":"product_tag","embeddable":true,"href":"http:\/\/flakhobby.com\/sr\/wp-json\/wp\/v2\/product_tag?post=8988"}],"curies":[{"name":"wp","href":"https:\/\/api.w.org\/{rel}","templated":true}]}}