{"id":8630,"date":"2022-03-02T14:00:13","date_gmt":"2022-03-02T14:00:13","guid":{"rendered":"https:\/\/flakhobby.com\/?post_type=product&#038;p=8630"},"modified":"2024-05-31T14:38:06","modified_gmt":"2024-05-31T14:38:06","slug":"spring-green-shrubberies-135-75mm-90mm","status":"publish","type":"product","link":"http:\/\/flakhobby.com\/sr\/\u043f\u0440\u043e\u0438\u0437\u0432\u043e\u0434\/spring-green-shrubberies-135-75mm-90mm\/","title":{"rendered":"Spring Green Shrubberies 1:35 \/ 75MM \/ 90MM"},"content":{"rendered":"<p>Sinteti\u010dko \u0161iblje sa drvenastom stabljikom se mo\u017ee koristiti za razne diorame.<br \/>\nMo\u017ee se lepiti PVA lepkom.<br \/>\nRaznovrsnost se mo\u017ee posti\u0107i me\u0161anjem \u0161iblja razli\u010ditih boja. Time se posti\u017ee vrlo realisti\u010dan efekat.<\/p>","protected":false},"excerpt":{"rendered":"<div class=\"woocommerce-product-details__short-description\">\n<p>\u0160iblje sa drvenastom stabljikom \u2013 1\/35<\/p>\n<\/div>\n<p><span data-sheets-value=\"{&quot;1&quot;:2,&quot;2&quot;:&quot;U procesu&quot;}\" data-sheets-userformat=\"{&quot;2&quot;:513,&quot;3&quot;:{&quot;1&quot;:0},&quot;12&quot;:0}\">\u00a0<\/span><\/p>","protected":false},"featured_media":8631,"template":"","meta":[],"product_brand":[],"product_cat":[371,369],"product_tag":[],"class_list":{"0":"post-8630","1":"product","2":"type-product","3":"status-publish","4":"has-post-thumbnail","6":"product_cat-travnate-podlogezbunje-lisce","7":"product_cat-diorame","8":"pa_brand-ak-interactive","10":"first","11":"outofstock","12":"shipping-taxable","13":"purchasable","14":"product-type-simple"},"_links":{"self":[{"href":"http:\/\/flakhobby.com\/sr\/wp-json\/wp\/v2\/product\/8630","targetHints":{"allow":["GET"]}}],"collection":[{"href":"http:\/\/flakhobby.com\/sr\/wp-json\/wp\/v2\/product"}],"about":[{"href":"http:\/\/flakhobby.com\/sr\/wp-json\/wp\/v2\/types\/product"}],"version-history":[{"count":1,"href":"http:\/\/flakhobby.com\/sr\/wp-json\/wp\/v2\/product\/8630\/revisions"}],"predecessor-version":[{"id":8634,"href":"http:\/\/flakhobby.com\/sr\/wp-json\/wp\/v2\/product\/8630\/revisions\/8634"}],"wp:featuredmedia":[{"embeddable":true,"href":"http:\/\/flakhobby.com\/sr\/wp-json\/wp\/v2\/media\/8631"}],"wp:attachment":[{"href":"http:\/\/flakhobby.com\/sr\/wp-json\/wp\/v2\/media?parent=8630"}],"wp:term":[{"taxonomy":"product_brand","embeddable":true,"href":"http:\/\/flakhobby.com\/sr\/wp-json\/wp\/v2\/product_brand?post=8630"},{"taxonomy":"product_cat","embeddable":true,"href":"http:\/\/flakhobby.com\/sr\/wp-json\/wp\/v2\/product_cat?post=8630"},{"taxonomy":"product_tag","embeddable":true,"href":"http:\/\/flakhobby.com\/sr\/wp-json\/wp\/v2\/product_tag?post=8630"}],"curies":[{"name":"wp","href":"https:\/\/api.w.org\/{rel}","templated":true}]}}