{"id":8070,"date":"2022-02-06T16:11:08","date_gmt":"2022-02-06T16:11:08","guid":{"rendered":"https:\/\/flakhobby.com\/?post_type=product&#038;p=8070"},"modified":"2026-03-17T16:41:33","modified_gmt":"2026-03-17T15:41:33","slug":"real-colors-thinner-200ml","status":"publish","type":"product","link":"http:\/\/flakhobby.com\/sr\/\u043f\u0440\u043e\u0438\u0437\u0432\u043e\u0434\/real-colors-thinner-200ml\/","title":{"rendered":"Real Colors Thinner &#8211; 200mL"},"content":{"rendered":"<p>Razre\u0111iva\u010d visoke kompatibilnosti &#8211; 200mL<br \/>\nSpevifi\u010dno formulisan za AK Interactive Real Colors boje, ali se mo\u017ee koristiti i za razre\u0111ivanje boja drugih brendova (Tamiya X,XF, Mr.Color, itd.).<br \/>\nNetoksi\u010dan i bez jakih neprijatnih mirisa.<\/p>\n<p>&nbsp;<\/p>\n<p>&nbsp;<\/p>","protected":false},"excerpt":{"rendered":"<p>Real Colors razre\u0111iva\u010d &#8211; 200mL<\/p>","protected":false},"featured_media":8071,"template":"","meta":[],"product_brand":[],"product_cat":[339,348],"product_tag":[],"class_list":{"0":"post-8070","1":"product","2":"type-product","3":"status-publish","4":"has-post-thumbnail","6":"product_cat-boje-i-razredivaci","7":"product_cat-razredivaci","8":"pa_brand-ak-interactive","10":"first","11":"outofstock","12":"shipping-taxable","13":"purchasable","14":"product-type-simple"},"_links":{"self":[{"href":"http:\/\/flakhobby.com\/sr\/wp-json\/wp\/v2\/product\/8070","targetHints":{"allow":["GET"]}}],"collection":[{"href":"http:\/\/flakhobby.com\/sr\/wp-json\/wp\/v2\/product"}],"about":[{"href":"http:\/\/flakhobby.com\/sr\/wp-json\/wp\/v2\/types\/product"}],"version-history":[{"count":1,"href":"http:\/\/flakhobby.com\/sr\/wp-json\/wp\/v2\/product\/8070\/revisions"}],"predecessor-version":[{"id":8072,"href":"http:\/\/flakhobby.com\/sr\/wp-json\/wp\/v2\/product\/8070\/revisions\/8072"}],"wp:featuredmedia":[{"embeddable":true,"href":"http:\/\/flakhobby.com\/sr\/wp-json\/wp\/v2\/media\/8071"}],"wp:attachment":[{"href":"http:\/\/flakhobby.com\/sr\/wp-json\/wp\/v2\/media?parent=8070"}],"wp:term":[{"taxonomy":"product_brand","embeddable":true,"href":"http:\/\/flakhobby.com\/sr\/wp-json\/wp\/v2\/product_brand?post=8070"},{"taxonomy":"product_cat","embeddable":true,"href":"http:\/\/flakhobby.com\/sr\/wp-json\/wp\/v2\/product_cat?post=8070"},{"taxonomy":"product_tag","embeddable":true,"href":"http:\/\/flakhobby.com\/sr\/wp-json\/wp\/v2\/product_tag?post=8070"}],"curies":[{"name":"wp","href":"https:\/\/api.w.org\/{rel}","templated":true}]}}