{"id":6583,"date":"2022-01-07T20:10:53","date_gmt":"2022-01-07T20:10:53","guid":{"rendered":"https:\/\/flakhobby.com\/?post_type=product&#038;p=6583"},"modified":"2025-06-13T11:23:34","modified_gmt":"2025-06-13T11:23:34","slug":"white-putty-hard-20ml-39g","status":"publish","type":"product","link":"http:\/\/flakhobby.com\/sr\/\u043f\u0440\u043e\u0438\u0437\u0432\u043e\u0434\/white-putty-hard-20ml-39g\/","title":{"rendered":"White Putty &#8211; Hard"},"content":{"rendered":"<p>Bezmirisni beli akrilni git (jednodelni) na poliuretanskoj vodenoj osnovi. Ne skuplja se nakon su\u0161enja i odli\u010dno se \u0161mirgla.<\/p>\n<p>&nbsp;<\/p>","protected":false},"excerpt":{"rendered":"<p>Beli akrilni git na vodenoj osnovi &#8211; 20mL\/39g<\/p>","protected":false},"featured_media":6584,"template":"","meta":[],"product_brand":[],"product_cat":[361,358],"product_tag":[],"class_list":{"0":"post-6583","1":"product","2":"type-product","3":"status-publish","4":"has-post-thumbnail","6":"product_cat-gitovi","7":"product_cat-maketarski-alat-i-pribor","8":"pa_brand-ak-interactive","10":"first","11":"outofstock","12":"shipping-taxable","13":"purchasable","14":"product-type-simple"},"_links":{"self":[{"href":"http:\/\/flakhobby.com\/sr\/wp-json\/wp\/v2\/product\/6583","targetHints":{"allow":["GET"]}}],"collection":[{"href":"http:\/\/flakhobby.com\/sr\/wp-json\/wp\/v2\/product"}],"about":[{"href":"http:\/\/flakhobby.com\/sr\/wp-json\/wp\/v2\/types\/product"}],"version-history":[{"count":2,"href":"http:\/\/flakhobby.com\/sr\/wp-json\/wp\/v2\/product\/6583\/revisions"}],"predecessor-version":[{"id":6589,"href":"http:\/\/flakhobby.com\/sr\/wp-json\/wp\/v2\/product\/6583\/revisions\/6589"}],"wp:featuredmedia":[{"embeddable":true,"href":"http:\/\/flakhobby.com\/sr\/wp-json\/wp\/v2\/media\/6584"}],"wp:attachment":[{"href":"http:\/\/flakhobby.com\/sr\/wp-json\/wp\/v2\/media?parent=6583"}],"wp:term":[{"taxonomy":"product_brand","embeddable":true,"href":"http:\/\/flakhobby.com\/sr\/wp-json\/wp\/v2\/product_brand?post=6583"},{"taxonomy":"product_cat","embeddable":true,"href":"http:\/\/flakhobby.com\/sr\/wp-json\/wp\/v2\/product_cat?post=6583"},{"taxonomy":"product_tag","embeddable":true,"href":"http:\/\/flakhobby.com\/sr\/wp-json\/wp\/v2\/product_tag?post=6583"}],"curies":[{"name":"wp","href":"https:\/\/api.w.org\/{rel}","templated":true}]}}