{"id":5892,"date":"2021-12-25T20:35:44","date_gmt":"2021-12-25T20:35:44","guid":{"rendered":"https:\/\/flakhobby.com\/?post_type=product&#038;p=5892"},"modified":"2026-01-29T16:22:41","modified_gmt":"2026-01-29T15:22:41","slug":"middle-east-dust","status":"publish","type":"product","link":"http:\/\/flakhobby.com\/sr\/\u043f\u0440\u043e\u0438\u0437\u0432\u043e\u0434\/middle-east-dust\/","title":{"rendered":"Middle East Dust"},"content":{"rendered":"<p>Pigment za makete.<\/p>\n<p>Za vi\u0161e informacija o kori\u0161\u0107enju pigmenata &#8211; <a href=\"https:\/\/www.youtube.com\/watch?v=UMbj77t1NMo\" target=\"_blank\" rel=\"noopener\">https:\/\/www.youtube.com\/watch?v=UMbj77t1NMo<\/a><\/p>","protected":false},"excerpt":{"rendered":"<p>Pigment za makete 35mL<\/p>","protected":false},"featured_media":5893,"template":"","meta":[],"product_brand":[],"product_cat":[353,349],"product_tag":[],"class_list":{"0":"post-5892","1":"product","2":"type-product","3":"status-publish","4":"has-post-thumbnail","6":"product_cat-pigmenti","7":"product_cat-weathering","8":"pa_brand-ammo","10":"first","11":"outofstock","12":"shipping-taxable","13":"purchasable","14":"product-type-simple"},"_links":{"self":[{"href":"http:\/\/flakhobby.com\/sr\/wp-json\/wp\/v2\/product\/5892","targetHints":{"allow":["GET"]}}],"collection":[{"href":"http:\/\/flakhobby.com\/sr\/wp-json\/wp\/v2\/product"}],"about":[{"href":"http:\/\/flakhobby.com\/sr\/wp-json\/wp\/v2\/types\/product"}],"version-history":[{"count":1,"href":"http:\/\/flakhobby.com\/sr\/wp-json\/wp\/v2\/product\/5892\/revisions"}],"predecessor-version":[{"id":5894,"href":"http:\/\/flakhobby.com\/sr\/wp-json\/wp\/v2\/product\/5892\/revisions\/5894"}],"wp:featuredmedia":[{"embeddable":true,"href":"http:\/\/flakhobby.com\/sr\/wp-json\/wp\/v2\/media\/5893"}],"wp:attachment":[{"href":"http:\/\/flakhobby.com\/sr\/wp-json\/wp\/v2\/media?parent=5892"}],"wp:term":[{"taxonomy":"product_brand","embeddable":true,"href":"http:\/\/flakhobby.com\/sr\/wp-json\/wp\/v2\/product_brand?post=5892"},{"taxonomy":"product_cat","embeddable":true,"href":"http:\/\/flakhobby.com\/sr\/wp-json\/wp\/v2\/product_cat?post=5892"},{"taxonomy":"product_tag","embeddable":true,"href":"http:\/\/flakhobby.com\/sr\/wp-json\/wp\/v2\/product_tag?post=5892"}],"curies":[{"name":"wp","href":"https:\/\/api.w.org\/{rel}","templated":true}]}}