{"id":5883,"date":"2021-12-25T20:29:54","date_gmt":"2021-12-25T20:29:54","guid":{"rendered":"https:\/\/flakhobby.com\/?post_type=product&#038;p=5883"},"modified":"2024-11-19T22:14:59","modified_gmt":"2024-11-19T22:14:59","slug":"rubble","status":"publish","type":"product","link":"http:\/\/flakhobby.com\/sr\/\u043f\u0440\u043e\u0438\u0437\u0432\u043e\u0434\/rubble\/","title":{"rendered":"Rubble"},"content":{"rendered":"<p>Pigment za makete.<\/p>\n<p>Za vi\u0161e informacija o kori\u0161\u0107enju pigmenata &#8211; <a href=\"https:\/\/www.youtube.com\/watch?v=UMbj77t1NMo\" target=\"_blank\" rel=\"noopener\">https:\/\/www.youtube.com\/watch?v=UMbj77t1NMo<\/a><\/p>","protected":false},"excerpt":{"rendered":"<p>Pigment za makete 35mL<\/p>","protected":false},"featured_media":5884,"template":"","meta":[],"product_brand":[],"product_cat":[353,349],"product_tag":[],"class_list":{"0":"post-5883","1":"product","2":"type-product","3":"status-publish","4":"has-post-thumbnail","6":"product_cat-pigmenti","7":"product_cat-weathering","8":"pa_brand-ammo","10":"first","11":"instock","12":"shipping-taxable","13":"purchasable","14":"product-type-simple"},"_links":{"self":[{"href":"http:\/\/flakhobby.com\/sr\/wp-json\/wp\/v2\/product\/5883","targetHints":{"allow":["GET"]}}],"collection":[{"href":"http:\/\/flakhobby.com\/sr\/wp-json\/wp\/v2\/product"}],"about":[{"href":"http:\/\/flakhobby.com\/sr\/wp-json\/wp\/v2\/types\/product"}],"version-history":[{"count":1,"href":"http:\/\/flakhobby.com\/sr\/wp-json\/wp\/v2\/product\/5883\/revisions"}],"predecessor-version":[{"id":5885,"href":"http:\/\/flakhobby.com\/sr\/wp-json\/wp\/v2\/product\/5883\/revisions\/5885"}],"wp:featuredmedia":[{"embeddable":true,"href":"http:\/\/flakhobby.com\/sr\/wp-json\/wp\/v2\/media\/5884"}],"wp:attachment":[{"href":"http:\/\/flakhobby.com\/sr\/wp-json\/wp\/v2\/media?parent=5883"}],"wp:term":[{"taxonomy":"product_brand","embeddable":true,"href":"http:\/\/flakhobby.com\/sr\/wp-json\/wp\/v2\/product_brand?post=5883"},{"taxonomy":"product_cat","embeddable":true,"href":"http:\/\/flakhobby.com\/sr\/wp-json\/wp\/v2\/product_cat?post=5883"},{"taxonomy":"product_tag","embeddable":true,"href":"http:\/\/flakhobby.com\/sr\/wp-json\/wp\/v2\/product_tag?post=5883"}],"curies":[{"name":"wp","href":"https:\/\/api.w.org\/{rel}","templated":true}]}}