{"id":5444,"date":"2021-12-23T19:22:36","date_gmt":"2021-12-23T19:22:36","guid":{"rendered":"https:\/\/flakhobby.com\/?post_type=product&#038;p=5444"},"modified":"2026-03-06T14:28:29","modified_gmt":"2026-03-06T13:28:29","slug":"dry-earth-ground-texture","status":"publish","type":"product","link":"http:\/\/flakhobby.com\/sr\/\u043f\u0440\u043e\u0438\u0437\u0432\u043e\u0434\/dry-earth-ground-texture\/","title":{"rendered":"Dry Earth Ground Texture"},"content":{"rendered":"<p>Akrilna tekstura suvog zemlji\u0161ta na vodenoj osnovi. Mo\u017ee da se \u0161mirgla nakon su\u0161enja i razredi vodom ukoliko je potrebno.<\/p>\n<p>Bezmirisna i netoksi\u010dna.<\/p>","protected":false},"excerpt":{"rendered":"<p>Akrilna tekstura za diorame 250mL<\/p>","protected":false},"featured_media":5445,"template":"","meta":[],"product_brand":[],"product_cat":[370,369],"product_tag":[],"class_list":{"0":"post-5444","1":"product","2":"type-product","3":"status-publish","4":"has-post-thumbnail","6":"product_cat-akrilne-teksture-za-diorame","7":"product_cat-diorame","8":"pa_brand-ammo","10":"first","11":"outofstock","12":"shipping-taxable","13":"purchasable","14":"product-type-simple"},"_links":{"self":[{"href":"http:\/\/flakhobby.com\/sr\/wp-json\/wp\/v2\/product\/5444","targetHints":{"allow":["GET"]}}],"collection":[{"href":"http:\/\/flakhobby.com\/sr\/wp-json\/wp\/v2\/product"}],"about":[{"href":"http:\/\/flakhobby.com\/sr\/wp-json\/wp\/v2\/types\/product"}],"version-history":[{"count":2,"href":"http:\/\/flakhobby.com\/sr\/wp-json\/wp\/v2\/product\/5444\/revisions"}],"predecessor-version":[{"id":13846,"href":"http:\/\/flakhobby.com\/sr\/wp-json\/wp\/v2\/product\/5444\/revisions\/13846"}],"wp:featuredmedia":[{"embeddable":true,"href":"http:\/\/flakhobby.com\/sr\/wp-json\/wp\/v2\/media\/5445"}],"wp:attachment":[{"href":"http:\/\/flakhobby.com\/sr\/wp-json\/wp\/v2\/media?parent=5444"}],"wp:term":[{"taxonomy":"product_brand","embeddable":true,"href":"http:\/\/flakhobby.com\/sr\/wp-json\/wp\/v2\/product_brand?post=5444"},{"taxonomy":"product_cat","embeddable":true,"href":"http:\/\/flakhobby.com\/sr\/wp-json\/wp\/v2\/product_cat?post=5444"},{"taxonomy":"product_tag","embeddable":true,"href":"http:\/\/flakhobby.com\/sr\/wp-json\/wp\/v2\/product_tag?post=5444"}],"curies":[{"name":"wp","href":"https:\/\/api.w.org\/{rel}","templated":true}]}}