{"id":4121,"date":"2021-12-07T14:48:05","date_gmt":"2021-12-07T14:48:05","guid":{"rendered":"https:\/\/flakhobby.com\/?post_type=product&#038;p=4121"},"modified":"2021-12-07T14:48:06","modified_gmt":"2021-12-07T14:48:06","slug":"m36-jackson","status":"publish","type":"product","link":"http:\/\/flakhobby.com\/sr\/\u043f\u0440\u043e\u0438\u0437\u0432\u043e\u0434\/m36-jackson\/","title":{"rendered":"M36 Jackson"},"content":{"rendered":"<p>Plasti\u010dna maketa ameri\u010dkog lovca tenkova M36.<br \/>\nO samom vozilu vi\u0161e mo\u017eete saznati ovde: <a href=\"https:\/\/tanks-encyclopedia.com\/ww2\/us\/m36_jackson.php\" target=\"_blank\" rel=\"noopener\">https:\/\/tanks-encyclopedia.com\/ww2\/us\/m36_jackson.php<\/a><br \/>\nO ovom vozilu u Jugoslovenskoj slu\u017ebi vi\u0161e mo\u017eete saznati ovde: <a href=\"https:\/\/tanks-encyclopedia.com\/coldwar-yugoslavia-90mm-gmc-m36-jackson-in-yugoslavian-service\/\" target=\"_blank\" rel=\"noopener\">https:\/\/tanks-encyclopedia.com\/coldwar-yugoslavia-90mm-gmc-m36-jackson-in-yugoslavian-service\/<\/a><br \/>\nO ovoj maketi vi\u0161e mo\u017eete pro\u010ditati ovde: <a href=\"https:\/\/www.perthmilitarymodelling.com\/reviews\/vehicles\/afvclub\/afv35058.htm\" target=\"_blank\" rel=\"noopener\">https:\/\/www.perthmilitarymodelling.com\/reviews\/vehicles\/afvclub\/afv35058.htm<\/a><\/p>","protected":false},"excerpt":{"rendered":"<p><strong>Sadr\u017ei:<\/strong><\/p>\n<ul>\n<li>Plasti\u010dna maketa<\/li>\n<li>Aluminijumska cev<\/li>\n<li>Funkcionalni sistem ubla\u017eavanja trzaja<\/li>\n<li>Dekali &#8211; 4 opcije<\/li>\n<\/ul>\n<p><strong>Oznake:<br \/>\n<\/strong><\/p>\n<h6><img decoding=\"async\" title=\"US\" src=\"https:\/\/www.scalemates.com\/static\/images\/flags7\/32\/US.png\" alt=\"US\" width=\"16\" height=\"16\" \/> US Army (1784-now)<\/h6>\n<ul class=\"ut\">\n<li class=\"dco\"><strong>2 Cav., 3 Army<\/strong> <span class=\"nw bgd\">USA 40191415 Pork Chop<\/span><br \/>\n<span class=\"nw bgb\">\u041c\u0430\u0440\u0442 1945<\/span> <img decoding=\"async\" title=\"DR\" src=\"https:\/\/www.scalemates.com\/static\/images\/flags7\/32\/DR.png\" alt=\"DR\" width=\"16\" height=\"16\" \/><br \/>\nFS23070 olive drab<\/li>\n<li class=\"dco\"><strong>23 Arm. Engineers 3 Arm. Div.<\/strong> <span class=\"nw bgd\">USA 40177514<\/span><br \/>\n<span class=\"nw bgb\">\u0424\u0435\u0431\u0440\u0443\u0430\u0440 1945<\/span> <img decoding=\"async\" title=\"DE\" src=\"https:\/\/www.scalemates.com\/static\/images\/flags7\/32\/DE.png\" alt=\"DE\" width=\"16\" height=\"16\" \/><br \/>\nFS23070 olive drab<\/li>\n<li class=\"dco\"><strong>703 TD<\/strong> <span class=\"nw bgd\">USA 40177413<\/span><br \/>\n<span class=\"nw bgb\">\u041e\u043a\u0442\u043e\u0431\u0430\u0440 1944<\/span> <img loading=\"lazy\" decoding=\"async\" title=\"BE\" src=\"https:\/\/www.scalemates.com\/static\/images\/flags7\/32\/BE.png\" alt=\"BE\" width=\"16\" height=\"16\" \/><br \/>\nFS23070 olive drab<\/li>\n<li class=\"dco\"><strong>703 TD<\/strong> <span class=\"nw bgd\">3Triangle-703TD B21<\/span><br \/>\n<span class=\"nw bgb\">\u0408\u0430\u043d\u0443\u0430\u0440 1945<\/span> <img loading=\"lazy\" decoding=\"async\" title=\"BE\" src=\"https:\/\/www.scalemates.com\/static\/images\/flags7\/32\/BE.png\" alt=\"BE\" width=\"16\" height=\"16\" \/><br \/>\nFS23070 olive drab, flat white<\/li>\n<\/ul>","protected":false},"featured_media":4122,"template":"","meta":[],"product_brand":[],"product_cat":[15,328],"product_tag":[],"class_list":{"0":"post-4121","1":"product","2":"type-product","3":"status-publish","4":"has-post-thumbnail","6":"product_cat-plasticne-makete","7":"product_cat-vojna-vozila-i-oruda","8":"pa_brand-afv-club","10":"first","11":"instock","12":"shipping-taxable","13":"purchasable","14":"product-type-simple"},"_links":{"self":[{"href":"http:\/\/flakhobby.com\/sr\/wp-json\/wp\/v2\/product\/4121","targetHints":{"allow":["GET"]}}],"collection":[{"href":"http:\/\/flakhobby.com\/sr\/wp-json\/wp\/v2\/product"}],"about":[{"href":"http:\/\/flakhobby.com\/sr\/wp-json\/wp\/v2\/types\/product"}],"version-history":[{"count":1,"href":"http:\/\/flakhobby.com\/sr\/wp-json\/wp\/v2\/product\/4121\/revisions"}],"predecessor-version":[{"id":4123,"href":"http:\/\/flakhobby.com\/sr\/wp-json\/wp\/v2\/product\/4121\/revisions\/4123"}],"wp:featuredmedia":[{"embeddable":true,"href":"http:\/\/flakhobby.com\/sr\/wp-json\/wp\/v2\/media\/4122"}],"wp:attachment":[{"href":"http:\/\/flakhobby.com\/sr\/wp-json\/wp\/v2\/media?parent=4121"}],"wp:term":[{"taxonomy":"product_brand","embeddable":true,"href":"http:\/\/flakhobby.com\/sr\/wp-json\/wp\/v2\/product_brand?post=4121"},{"taxonomy":"product_cat","embeddable":true,"href":"http:\/\/flakhobby.com\/sr\/wp-json\/wp\/v2\/product_cat?post=4121"},{"taxonomy":"product_tag","embeddable":true,"href":"http:\/\/flakhobby.com\/sr\/wp-json\/wp\/v2\/product_tag?post=4121"}],"curies":[{"name":"wp","href":"https:\/\/api.w.org\/{rel}","templated":true}]}}