{"id":28446,"date":"2026-01-23T22:44:22","date_gmt":"2026-01-23T21:44:22","guid":{"rendered":"https:\/\/flakhobby.com\/?post_type=product&#038;p=28446"},"modified":"2026-01-23T22:46:01","modified_gmt":"2026-01-23T21:46:01","slug":"1-48-curtiss-tomahawk-mk-ii","status":"publish","type":"product","link":"http:\/\/flakhobby.com\/sr\/\u043f\u0440\u043e\u0438\u0437\u0432\u043e\u0434\/1-48-curtiss-tomahawk-mk-ii\/","title":{"rendered":"1\/48 &#8211; Curtiss Tomahawk Mk.II"},"content":{"rendered":"<p>Oznake:<\/p>\n<ul class=\"ut\">\n<li class=\"dc p05\">\n<h5>Curtiss Tomahawk Mk.IIa<\/h5>\n<h6><img decoding=\"async\" title=\"GB\" src=\"https:\/\/www.scalemates.com\/s\/images\/flags7\/32\/GB.png\" alt=\"GB\" width=\"16\" height=\"16\" \/>\u00a0Royal Air Force<span class=\"nw\">\u00a0(1918-now)<\/span><\/h6>\n<ul class=\"ut\">\n<li class=\"dc p05\"><strong>No. 1686 Bomber (Defence) Training Flight<\/strong>\u00a0<span class=\"nw bgd\">BT-H | AK128<\/span><br \/>\n<span class=\"nw bgb\">1943<\/span>\u00a0&#8211; RAF Hixon, Staffordshire<br \/>\n<a class=\"nw w4 pf\" title=\"\" href=\"https:\/\/www.scalemates.com\/colors\/colorchip.php?id=1642\" rel=\"nofollow noopener\" target=\"_blank\">FS34079<\/a>\u00a0<a class=\"nw w4 pf\" title=\"\" href=\"https:\/\/www.scalemates.com\/colors\/colorchip.php?id=1730\" rel=\"nofollow noopener\" target=\"_blank\">FS36152<\/a>\u00a0<a class=\"nw w4 pf\" title=\"\" href=\"https:\/\/www.scalemates.com\/colors\/colorchip.php?id=1735\" rel=\"nofollow noopener\" target=\"_blank\">FS36270<\/a>\u00a0<a class=\"nw w4 pf\" title=\"\" href=\"https:\/\/www.scalemates.com\/colors\/colorchip.php?id=1695\" rel=\"nofollow noopener\" target=\"_blank\">FS34583<\/a><\/li>\n<\/ul>\n<h6><img decoding=\"async\" title=\"TR\" src=\"https:\/\/www.scalemates.com\/s\/images\/flags7\/32\/TR.png\" alt=\"TR\" width=\"16\" height=\"16\" \/>\u00a0T\u00fcrk Hava Kuvvetleri M\u00fcfetti\u015fli\u011fi<span class=\"nw\">\u00a0(Turkish Inspectorate of Air Forces 1922-1944)<\/span><\/h6>\n<ul class=\"ut\">\n<li class=\"dc p05\"><strong>XIV Bn., 3 Reg.<\/strong>\u00a0<span class=\"nw bgd\">3<\/span><br \/>\n<span class=\"nw bgb\">1941<\/span><br \/>\n<a class=\"nw w4 pf\" title=\"\" href=\"https:\/\/www.scalemates.com\/colors\/colorchip.php?id=1642\" rel=\"nofollow noopener\" target=\"_blank\">FS34079<\/a>\u00a0<a class=\"nw w4 pf\" title=\"\" href=\"https:\/\/www.scalemates.com\/colors\/colorchip.php?id=1566\" rel=\"nofollow noopener\" target=\"_blank\">FS30118<\/a>\u00a0<a class=\"nw w4 pf\" title=\"\" href=\"https:\/\/www.scalemates.com\/colors\/colorchip.php?id=1695\" rel=\"nofollow noopener\" target=\"_blank\">FS34583<\/a><\/li>\n<\/ul>\n<p>Boxart designed by\u00a0<em>Adam Tooby<\/em><\/li>\n<\/ul>","protected":false},"excerpt":{"rendered":"<p>Sadr\u017ei:<\/p>\n<ul>\n<li>Nesklopljena plasti\u010dna maketa &#8211; 1\/48<\/li>\n<li>Dekali<\/li>\n<li>Sastavnica<\/li>\n<\/ul>","protected":false},"featured_media":28447,"template":"","meta":[],"product_brand":[],"product_cat":[15,329],"product_tag":[],"class_list":{"0":"post-28446","1":"product","2":"type-product","3":"status-publish","4":"has-post-thumbnail","6":"product_cat-plasticne-makete","7":"product_cat-vojni-avioni-i-helikopteri","8":"pa_brand-airfix","10":"first","11":"instock","12":"shipping-taxable","13":"purchasable","14":"product-type-simple"},"_links":{"self":[{"href":"http:\/\/flakhobby.com\/sr\/wp-json\/wp\/v2\/product\/28446","targetHints":{"allow":["GET"]}}],"collection":[{"href":"http:\/\/flakhobby.com\/sr\/wp-json\/wp\/v2\/product"}],"about":[{"href":"http:\/\/flakhobby.com\/sr\/wp-json\/wp\/v2\/types\/product"}],"version-history":[{"count":1,"href":"http:\/\/flakhobby.com\/sr\/wp-json\/wp\/v2\/product\/28446\/revisions"}],"predecessor-version":[{"id":28448,"href":"http:\/\/flakhobby.com\/sr\/wp-json\/wp\/v2\/product\/28446\/revisions\/28448"}],"wp:featuredmedia":[{"embeddable":true,"href":"http:\/\/flakhobby.com\/sr\/wp-json\/wp\/v2\/media\/28447"}],"wp:attachment":[{"href":"http:\/\/flakhobby.com\/sr\/wp-json\/wp\/v2\/media?parent=28446"}],"wp:term":[{"taxonomy":"product_brand","embeddable":true,"href":"http:\/\/flakhobby.com\/sr\/wp-json\/wp\/v2\/product_brand?post=28446"},{"taxonomy":"product_cat","embeddable":true,"href":"http:\/\/flakhobby.com\/sr\/wp-json\/wp\/v2\/product_cat?post=28446"},{"taxonomy":"product_tag","embeddable":true,"href":"http:\/\/flakhobby.com\/sr\/wp-json\/wp\/v2\/product_tag?post=28446"}],"curies":[{"name":"wp","href":"https:\/\/api.w.org\/{rel}","templated":true}]}}