{"id":27837,"date":"2025-11-03T13:48:55","date_gmt":"2025-11-03T13:48:55","guid":{"rendered":"https:\/\/flakhobby.com\/?post_type=product&#038;p=27837"},"modified":"2025-11-03T13:51:12","modified_gmt":"2025-11-03T13:51:12","slug":"playmarker-ultramarine","status":"publish","type":"product","link":"http:\/\/flakhobby.com\/sr\/\u043f\u0440\u043e\u0438\u0437\u0432\u043e\u0434\/playmarker-ultramarine\/","title":{"rendered":"Playmarker &#8211; Ultramarine"},"content":{"rendered":"<p>Akrilni markeri sa finom \u010detkicom. Brzosu\u0161e\u0107i. Vodootporni.<br \/>\nOdli\u010dno le\u017ee na plastiku, rezin, metal i drvene povr\u0161ine.<br \/>\nMo\u017ee se nanositi u vi\u0161e slojeva.<\/p>\n<p>&nbsp;<\/p>","protected":false},"excerpt":{"rendered":"<p>Akrilni marker<\/p>","protected":false},"featured_media":27838,"template":"","meta":[],"product_brand":[],"product_cat":[649,339],"product_tag":[],"class_list":{"0":"post-27837","1":"product","2":"type-product","3":"status-publish","4":"has-post-thumbnail","6":"product_cat-ak-playmarkers","7":"product_cat-boje-i-razredivaci","8":"pa_brand-ak-interactive","10":"first","11":"instock","12":"shipping-taxable","13":"purchasable","14":"product-type-simple"},"_links":{"self":[{"href":"http:\/\/flakhobby.com\/sr\/wp-json\/wp\/v2\/product\/27837","targetHints":{"allow":["GET"]}}],"collection":[{"href":"http:\/\/flakhobby.com\/sr\/wp-json\/wp\/v2\/product"}],"about":[{"href":"http:\/\/flakhobby.com\/sr\/wp-json\/wp\/v2\/types\/product"}],"version-history":[{"count":1,"href":"http:\/\/flakhobby.com\/sr\/wp-json\/wp\/v2\/product\/27837\/revisions"}],"predecessor-version":[{"id":27839,"href":"http:\/\/flakhobby.com\/sr\/wp-json\/wp\/v2\/product\/27837\/revisions\/27839"}],"wp:featuredmedia":[{"embeddable":true,"href":"http:\/\/flakhobby.com\/sr\/wp-json\/wp\/v2\/media\/27838"}],"wp:attachment":[{"href":"http:\/\/flakhobby.com\/sr\/wp-json\/wp\/v2\/media?parent=27837"}],"wp:term":[{"taxonomy":"product_brand","embeddable":true,"href":"http:\/\/flakhobby.com\/sr\/wp-json\/wp\/v2\/product_brand?post=27837"},{"taxonomy":"product_cat","embeddable":true,"href":"http:\/\/flakhobby.com\/sr\/wp-json\/wp\/v2\/product_cat?post=27837"},{"taxonomy":"product_tag","embeddable":true,"href":"http:\/\/flakhobby.com\/sr\/wp-json\/wp\/v2\/product_tag?post=27837"}],"curies":[{"name":"wp","href":"https:\/\/api.w.org\/{rel}","templated":true}]}}