{"id":23755,"date":"2024-08-03T12:59:30","date_gmt":"2024-08-03T12:59:30","guid":{"rendered":"https:\/\/flakhobby.com\/?post_type=product&#038;p=23755"},"modified":"2024-08-03T13:39:26","modified_gmt":"2024-08-03T13:39:26","slug":"leave-punch-oak","status":"publish","type":"product","link":"http:\/\/flakhobby.com\/sr\/\u043f\u0440\u043e\u0438\u0437\u0432\u043e\u0434\/leave-punch-oak\/","title":{"rendered":"Leave Punch Oak"},"content":{"rendered":"<p>Seka\u010d za precizno li\u0161\u0107e u razmerai (1\/32, 1\/35, 54mm)<\/p>\n<p>Mo\u017ee se koristiti papir ili pravo li\u0161\u0107e<\/p>\n<p>&nbsp;<\/p>","protected":false},"excerpt":{"rendered":"<p>Punch cutter za listove hrasta<\/p>","protected":false},"featured_media":23756,"template":"","meta":[],"product_brand":[],"product_cat":[369,607,368,358],"product_tag":[],"class_list":{"0":"post-23755","1":"product","2":"type-product","3":"status-publish","4":"has-post-thumbnail","6":"product_cat-diorame","7":"product_cat-laserski-secene-biljke","8":"product_cat-ostalo","9":"product_cat-maketarski-alat-i-pribor","10":"pa_brand-ak-interactive","12":"first","13":"instock","14":"shipping-taxable","15":"purchasable","16":"product-type-simple"},"_links":{"self":[{"href":"http:\/\/flakhobby.com\/sr\/wp-json\/wp\/v2\/product\/23755","targetHints":{"allow":["GET"]}}],"collection":[{"href":"http:\/\/flakhobby.com\/sr\/wp-json\/wp\/v2\/product"}],"about":[{"href":"http:\/\/flakhobby.com\/sr\/wp-json\/wp\/v2\/types\/product"}],"version-history":[{"count":1,"href":"http:\/\/flakhobby.com\/sr\/wp-json\/wp\/v2\/product\/23755\/revisions"}],"predecessor-version":[{"id":23758,"href":"http:\/\/flakhobby.com\/sr\/wp-json\/wp\/v2\/product\/23755\/revisions\/23758"}],"wp:featuredmedia":[{"embeddable":true,"href":"http:\/\/flakhobby.com\/sr\/wp-json\/wp\/v2\/media\/23756"}],"wp:attachment":[{"href":"http:\/\/flakhobby.com\/sr\/wp-json\/wp\/v2\/media?parent=23755"}],"wp:term":[{"taxonomy":"product_brand","embeddable":true,"href":"http:\/\/flakhobby.com\/sr\/wp-json\/wp\/v2\/product_brand?post=23755"},{"taxonomy":"product_cat","embeddable":true,"href":"http:\/\/flakhobby.com\/sr\/wp-json\/wp\/v2\/product_cat?post=23755"},{"taxonomy":"product_tag","embeddable":true,"href":"http:\/\/flakhobby.com\/sr\/wp-json\/wp\/v2\/product_tag?post=23755"}],"curies":[{"name":"wp","href":"https:\/\/api.w.org\/{rel}","templated":true}]}}