{"id":23658,"date":"2024-08-02T14:20:15","date_gmt":"2024-08-02T14:20:15","guid":{"rendered":"https:\/\/flakhobby.com\/?post_type=product&#038;p=23658"},"modified":"2026-04-16T13:05:17","modified_gmt":"2026-04-16T11:05:17","slug":"raf-sky-fs-34424-2","status":"publish","type":"product","link":"http:\/\/flakhobby.com\/sr\/\u043f\u0440\u043e\u0438\u0437\u0432\u043e\u0434\/raf-sky-fs-34424-2\/","title":{"rendered":"RAF Sky \/ FS 34424"},"content":{"rendered":"<p>Akrilna boja na\u00a0<em>lacquer\u00a0<\/em>bazi. Asortiman boja sa ve\u0107 spremnim, preciznim nijansama za avijaciju i kopnenu tehniku od Drugog svetskog rata do modernog doba.<\/p>\n<p>Nema vi\u0161e me\u0161anja nekoliko boja da se dobije precizna nijansa neke boje, sve su unapred dostupne.<\/p>\n<p>Odli\u010dne su za nano\u0161enje airburshem, a mogu\u0107e je nanositi ih i \u010detkicom. Boje imaju svoj razre\u0111iva\u010d RC701 i RC702 High Compatibility Thinner, ali ih je mogu\u0107e razre\u0111ivati i<\/p>\n<p>sa Mr. Color i Tamiya Lacquer (\u017euti \u010dep) razre\u0111iva\u010dima.<\/p>\n<p><strong>Lower surface color in the Temperate Land Scheme applied to RAF operational aircraft from August 1940 until August 1941 (fighters)\/end of World War II (day bombers except for Mosquito).<br \/>\nLower surface color in the later version of the Temperate Sea Scheme applied to Royal Navy Fleet Air Arm aircraft from ca. September 1940 until the end of World War II and to RAF Coastal Command operational aircraft (except for Whitley, Wellington and Liberator) from August 1941 until February 1943 (again used in one of the specified schemes from March 1944 until the end of World War II).<br \/>\nTailband color in the Day Fighter Scheme applied to RAF day fighters from August 1941 until 1947.<br \/>\nLower surface color of RN FAA aircraft from the end of World War II until the late 1950s.<br \/>\nOne of the upper surface colors in the IAF (Israeli Air Force) standard desert scheme used from 1980 (delivery of the first F-16s) until 2020s (F-16A\/B\/C\/D\/I, F-15I, late Kfir C2s &amp; C7s).<\/strong><\/p>","protected":false},"excerpt":{"rendered":"<p>Akrilna boja na\u00a0<em>lacquer\u00a0<\/em>osnovi \u2013 17mL<\/p>\n<p>U opisu proizvoda vi\u0161e o nameni boja<a id=\"remove-post-thumbnail\" href=\"https:\/\/flakhobby.com\/wp-admin\/post.php?action=edit&amp;post=23468#\"><\/a><\/p>","protected":false},"featured_media":23659,"template":"","meta":[],"product_brand":[],"product_cat":[339,603],"product_tag":[],"class_list":{"0":"post-23658","1":"product","2":"type-product","3":"status-publish","4":"has-post-thumbnail","6":"product_cat-boje-i-razredivaci","7":"product_cat-ak-interactive-real-colors-17ml","8":"pa_brand-ak-interactive","9":"pa_serija-raf","11":"first","12":"outofstock","13":"shipping-taxable","14":"purchasable","15":"product-type-simple"},"_links":{"self":[{"href":"http:\/\/flakhobby.com\/sr\/wp-json\/wp\/v2\/product\/23658","targetHints":{"allow":["GET"]}}],"collection":[{"href":"http:\/\/flakhobby.com\/sr\/wp-json\/wp\/v2\/product"}],"about":[{"href":"http:\/\/flakhobby.com\/sr\/wp-json\/wp\/v2\/types\/product"}],"version-history":[{"count":2,"href":"http:\/\/flakhobby.com\/sr\/wp-json\/wp\/v2\/product\/23658\/revisions"}],"predecessor-version":[{"id":23662,"href":"http:\/\/flakhobby.com\/sr\/wp-json\/wp\/v2\/product\/23658\/revisions\/23662"}],"wp:featuredmedia":[{"embeddable":true,"href":"http:\/\/flakhobby.com\/sr\/wp-json\/wp\/v2\/media\/23659"}],"wp:attachment":[{"href":"http:\/\/flakhobby.com\/sr\/wp-json\/wp\/v2\/media?parent=23658"}],"wp:term":[{"taxonomy":"product_brand","embeddable":true,"href":"http:\/\/flakhobby.com\/sr\/wp-json\/wp\/v2\/product_brand?post=23658"},{"taxonomy":"product_cat","embeddable":true,"href":"http:\/\/flakhobby.com\/sr\/wp-json\/wp\/v2\/product_cat?post=23658"},{"taxonomy":"product_tag","embeddable":true,"href":"http:\/\/flakhobby.com\/sr\/wp-json\/wp\/v2\/product_tag?post=23658"}],"curies":[{"name":"wp","href":"https:\/\/api.w.org\/{rel}","templated":true}]}}