{"id":23493,"date":"2024-08-01T11:23:21","date_gmt":"2024-08-01T11:23:21","guid":{"rendered":"https:\/\/flakhobby.com\/?post_type=product&#038;p=23493"},"modified":"2025-11-22T11:41:38","modified_gmt":"2025-11-22T11:41:38","slug":"medium-gunship-grey-fs-36118-2","status":"publish","type":"product","link":"http:\/\/flakhobby.com\/sr\/\u043f\u0440\u043e\u0438\u0437\u0432\u043e\u0434\/medium-gunship-grey-fs-36118-2\/","title":{"rendered":"Medium Gunship Grey FS 36118"},"content":{"rendered":"<p>Akrilna boja na\u00a0<em>lacquer\u00a0<\/em>bazi. Asortiman boja sa ve\u0107 spremnim, preciznim nijansama za avijaciju i kopnenu tehniku od Drugog svetskog rata do modernog doba.<\/p>\n<p>Nema vi\u0161e me\u0161anja nekoliko boja da se dobije precizna nijansa neke boje, sve su unapred dostupne.<\/p>\n<p>Odli\u010dne su za nano\u0161enje airburshem, a mogu\u0107e je nanositi ih i \u010detkicom. Boje imaju svoj razre\u0111iva\u010d RC701 i RC702 High Compatibility Thinner, ali ih je mogu\u0107e razre\u0111ivati i<\/p>\n<p>sa Mr. Color i Tamiya Lacquer (\u017euti \u010dep) razre\u0111iva\u010dima.<\/p>\n<div id=\"target-englang\" class=\"collapseomatic_content\">\n<div id=\"target-englang\" class=\"collapseomatic_content\">\n<p><strong>One of the colors in the three-color variant of the so-called Hill Grey scheme applied to USAF F-16s from the late 1970s until the early 1990s. The same scheme was\/is also carried by early F-16s of several NATO countries with Denmark and Norway being notable exceptions.<br \/>\nOne of the colors in the two-color variant of the so-called Hill Grey scheme applied to USAF F-4C\/D\/E\/Gs from the late 1970s until their withdrawal from service and to USAF F-16s from the early 1990s.<br \/>\nOverall color of USAF F-15E Strike Eagle strike fighters from 1988 until today.<br \/>\nOverall color of USAF strategic bombers (B-1, B-2, B-52) from the early 1990s until today.<br \/>\nInitially used as one of the camouflage colors in the Euro One scheme applied to USAF TAC aircraft (except A-7s) in the 1980s.<br \/>\nUpper surface color of USMC AV-8B Harrier II fleet from the early 1990s.<br \/>\nOne of the colors used in the so-called Ferris Scheme evaluated by the US Navy in 1976.<br \/>\nOne of the upper surface colors in the camouflage scheme used by the Czech Air Force from the 1990s until today (Mi-2, Mi-8, Mi-17, Mi-171, Mi-24, W-3, AH-1Z, UH-1Y, L-410, C-295M, L-159).<br \/>\nOne of the upper surface colors in the camouflage schemes applied to MiG-29s of the Polish Air Force since the end of 1997.<br \/>\nAlso used in some USAF (F-16C) and US Navy\/USMC (F\/A-18B) aggressor schemes.<\/strong><\/p>\n<p>&nbsp;<\/p>\n<\/div>\n<p><strong>\u00a0<\/strong><\/p>\n<p>&nbsp;<\/p>\n<\/div>\n<p>&nbsp;<\/p>","protected":false},"excerpt":{"rendered":"<p>Akrilna boja na\u00a0<em>lacquer\u00a0<\/em>osnovi \u2013 17mL<\/p>\n<p>U opisu proizvoda vi\u0161e o nameni boja<a id=\"remove-post-thumbnail\" href=\"https:\/\/flakhobby.com\/wp-admin\/post.php?action=edit&amp;post=23468#\"><\/a><\/p>","protected":false},"featured_media":23494,"template":"","meta":[],"product_brand":[],"product_cat":[339,603],"product_tag":[],"class_list":{"0":"post-23493","1":"product","2":"type-product","3":"status-publish","4":"has-post-thumbnail","6":"product_cat-boje-i-razredivaci","7":"product_cat-ak-interactive-real-colors-17ml","9":"first","10":"outofstock","11":"shipping-taxable","12":"purchasable","13":"product-type-simple"},"_links":{"self":[{"href":"http:\/\/flakhobby.com\/sr\/wp-json\/wp\/v2\/product\/23493","targetHints":{"allow":["GET"]}}],"collection":[{"href":"http:\/\/flakhobby.com\/sr\/wp-json\/wp\/v2\/product"}],"about":[{"href":"http:\/\/flakhobby.com\/sr\/wp-json\/wp\/v2\/types\/product"}],"version-history":[{"count":1,"href":"http:\/\/flakhobby.com\/sr\/wp-json\/wp\/v2\/product\/23493\/revisions"}],"predecessor-version":[{"id":23495,"href":"http:\/\/flakhobby.com\/sr\/wp-json\/wp\/v2\/product\/23493\/revisions\/23495"}],"wp:featuredmedia":[{"embeddable":true,"href":"http:\/\/flakhobby.com\/sr\/wp-json\/wp\/v2\/media\/23494"}],"wp:attachment":[{"href":"http:\/\/flakhobby.com\/sr\/wp-json\/wp\/v2\/media?parent=23493"}],"wp:term":[{"taxonomy":"product_brand","embeddable":true,"href":"http:\/\/flakhobby.com\/sr\/wp-json\/wp\/v2\/product_brand?post=23493"},{"taxonomy":"product_cat","embeddable":true,"href":"http:\/\/flakhobby.com\/sr\/wp-json\/wp\/v2\/product_cat?post=23493"},{"taxonomy":"product_tag","embeddable":true,"href":"http:\/\/flakhobby.com\/sr\/wp-json\/wp\/v2\/product_tag?post=23493"}],"curies":[{"name":"wp","href":"https:\/\/api.w.org\/{rel}","templated":true}]}}