{"id":17125,"date":"2023-03-22T19:01:37","date_gmt":"2023-03-22T19:01:37","guid":{"rendered":"https:\/\/flakhobby.com\/?post_type=product&#038;p=17125"},"modified":"2024-02-23T13:49:07","modified_gmt":"2024-02-23T13:49:07","slug":"mapping-technique-light-and-shadows-set","status":"publish","type":"product","link":"http:\/\/flakhobby.com\/sr\/\u043f\u0440\u043e\u0438\u0437\u0432\u043e\u0434\/mapping-technique-light-and-shadows-set\/","title":{"rendered":"Mapping Technique Light and Shadows Set"},"content":{"rendered":"<p>Set 6 uljanih boja napravljenih specifi\u010dno za makete sa manjim sadr\u017eajem te\u010dnosti. Nema potrebe cediti boju na ubrusu.<br \/>\nMo\u017ee se koristiti za pravljenje vo\u0161eva, ta\u010dkastih filtera, generalnog ostarevanja maketa, kako vozila tako i aviona.<\/p>\n<p>Razre\u0111uje se uljanim razre\u0111iva\u010dem. Postoji linija Abteilung 502 razre\u0111iva\u010da koji se preporu\u010duju za rad sa ovim bojama, ali nisu obavezni:<br \/>\n<a href=\"https:\/\/flakhobby.com\/sr\/%D0%BF%D1%80%D0%BE%D0%B8%D0%B7%D0%B2%D0%BE%D0%B4\/bezmirisni-emajl-razredivac-100ml\/\">ABT111 Bezmirisni razre\u0111iva\u010d<\/a><br \/>\n<a href=\"https:\/\/flakhobby.com\/sr\/%D0%BF%D1%80%D0%BE%D0%B8%D0%B7%D0%B2%D0%BE%D0%B4\/emajl-razredivac-sa-mat-efektom-100ml\/\">ABT112 Razre\u0111iva\u010d sa mat efektom<\/a><br \/>\n<a href=\"https:\/\/flakhobby.com\/sr\/%D0%BF%D1%80%D0%BE%D0%B8%D0%B7%D0%B2%D0%BE%D0%B4\/brzosuseci-emajl-razredivac-100ml\/\">ABT113 Brzosu\u0161e\u0107i razre\u0111iva\u010d<\/a><\/p>\n<p>Set sadr\u017ei:<\/p>\n<ul>\n<li>ABT002 Sepia<\/li>\n<li>ABT035 Buff<\/li>\n<li>ABT050 Olive Green<\/li>\n<li>ABT092 Ocher<\/li>\n<li>ABT155 Light Sand<\/li>\n<li>ABT170 Light Grey<\/li>\n<\/ul>","protected":false},"excerpt":{"rendered":"<p>Set 6 ABT 502 uljanih boja<\/p>","protected":false},"featured_media":17126,"template":"","meta":[],"product_brand":[],"product_cat":[354,349],"product_tag":[],"class_list":{"0":"post-17125","1":"product","2":"type-product","3":"status-publish","4":"has-post-thumbnail","6":"product_cat-uljane-boje","7":"product_cat-weathering","8":"pa_brand-abteilung-502","10":"first","11":"outofstock","12":"shipping-taxable","13":"purchasable","14":"product-type-simple"},"_links":{"self":[{"href":"http:\/\/flakhobby.com\/sr\/wp-json\/wp\/v2\/product\/17125","targetHints":{"allow":["GET"]}}],"collection":[{"href":"http:\/\/flakhobby.com\/sr\/wp-json\/wp\/v2\/product"}],"about":[{"href":"http:\/\/flakhobby.com\/sr\/wp-json\/wp\/v2\/types\/product"}],"version-history":[{"count":1,"href":"http:\/\/flakhobby.com\/sr\/wp-json\/wp\/v2\/product\/17125\/revisions"}],"predecessor-version":[{"id":17127,"href":"http:\/\/flakhobby.com\/sr\/wp-json\/wp\/v2\/product\/17125\/revisions\/17127"}],"wp:featuredmedia":[{"embeddable":true,"href":"http:\/\/flakhobby.com\/sr\/wp-json\/wp\/v2\/media\/17126"}],"wp:attachment":[{"href":"http:\/\/flakhobby.com\/sr\/wp-json\/wp\/v2\/media?parent=17125"}],"wp:term":[{"taxonomy":"product_brand","embeddable":true,"href":"http:\/\/flakhobby.com\/sr\/wp-json\/wp\/v2\/product_brand?post=17125"},{"taxonomy":"product_cat","embeddable":true,"href":"http:\/\/flakhobby.com\/sr\/wp-json\/wp\/v2\/product_cat?post=17125"},{"taxonomy":"product_tag","embeddable":true,"href":"http:\/\/flakhobby.com\/sr\/wp-json\/wp\/v2\/product_tag?post=17125"}],"curies":[{"name":"wp","href":"https:\/\/api.w.org\/{rel}","templated":true}]}}