{"id":16999,"date":"2023-03-22T18:23:02","date_gmt":"2023-03-22T18:23:02","guid":{"rendered":"https:\/\/flakhobby.com\/?post_type=product&#038;p=16999"},"modified":"2025-11-18T16:50:06","modified_gmt":"2025-11-18T16:50:06","slug":"emajl-razredivac-sa-mat-efektom-100ml","status":"publish","type":"product","link":"http:\/\/flakhobby.com\/sr\/\u043f\u0440\u043e\u0438\u0437\u0432\u043e\u0434\/emajl-razredivac-sa-mat-efektom-100ml\/","title":{"rendered":"Emajl razre\u0111iva\u010d sa mat efektom &#8211; 100mL"},"content":{"rendered":"<p>Emajl razre\u0111iva\u010d sa mat efektom koji je idealan za pravljenje vo\u0161eva, filtera i generalno blendovanje uljanih boja, itd.<\/p>","protected":false},"excerpt":{"rendered":"<p>Emajl razre\u0111iva\u010d sa mat efektom &#8211; 100mL<\/p>","protected":false},"featured_media":17000,"template":"","meta":[],"product_brand":[],"product_cat":[339,348],"product_tag":[],"class_list":{"0":"post-16999","1":"product","2":"type-product","3":"status-publish","4":"has-post-thumbnail","6":"product_cat-boje-i-razredivaci","7":"product_cat-razredivaci","8":"pa_brand-abteilung-502","10":"first","11":"outofstock","12":"shipping-taxable","13":"purchasable","14":"product-type-simple"},"_links":{"self":[{"href":"http:\/\/flakhobby.com\/sr\/wp-json\/wp\/v2\/product\/16999","targetHints":{"allow":["GET"]}}],"collection":[{"href":"http:\/\/flakhobby.com\/sr\/wp-json\/wp\/v2\/product"}],"about":[{"href":"http:\/\/flakhobby.com\/sr\/wp-json\/wp\/v2\/types\/product"}],"version-history":[{"count":2,"href":"http:\/\/flakhobby.com\/sr\/wp-json\/wp\/v2\/product\/16999\/revisions"}],"predecessor-version":[{"id":19826,"href":"http:\/\/flakhobby.com\/sr\/wp-json\/wp\/v2\/product\/16999\/revisions\/19826"}],"wp:featuredmedia":[{"embeddable":true,"href":"http:\/\/flakhobby.com\/sr\/wp-json\/wp\/v2\/media\/17000"}],"wp:attachment":[{"href":"http:\/\/flakhobby.com\/sr\/wp-json\/wp\/v2\/media?parent=16999"}],"wp:term":[{"taxonomy":"product_brand","embeddable":true,"href":"http:\/\/flakhobby.com\/sr\/wp-json\/wp\/v2\/product_brand?post=16999"},{"taxonomy":"product_cat","embeddable":true,"href":"http:\/\/flakhobby.com\/sr\/wp-json\/wp\/v2\/product_cat?post=16999"},{"taxonomy":"product_tag","embeddable":true,"href":"http:\/\/flakhobby.com\/sr\/wp-json\/wp\/v2\/product_tag?post=16999"}],"curies":[{"name":"wp","href":"https:\/\/api.w.org\/{rel}","templated":true}]}}