{"id":16950,"date":"2023-03-21T22:09:23","date_gmt":"2023-03-21T22:09:23","guid":{"rendered":"https:\/\/flakhobby.com\/?post_type=product&#038;p=16950"},"modified":"2023-03-21T22:09:23","modified_gmt":"2023-03-21T22:09:23","slug":"crackle-effect-wet-100ml","status":"publish","type":"product","link":"http:\/\/flakhobby.com\/sr\/\u043f\u0440\u043e\u0438\u0437\u0432\u043e\u0434\/crackle-effect-wet-100ml\/","title":{"rendered":"Crackle Effect &#8211; Wet &#8211; 100mL"},"content":{"rendered":"<p><em><strong>Crackle<\/strong><\/em><strong>\u00a0<\/strong>serija efekata oformljena je kako bi omogu\u0107ila stvaranje malih pukotina u zemlji.<br \/>\nNa akrilnoj je osnovi, nije toksi\u010dno i su\u0161enje se mo\u017ee ubrzati fenom.<\/p>\n<p>Za vi\u0161e detalja o upotrebi ovih efekata pogledajte video klip pritiskom na <a href=\"https:\/\/www.youtube.com\/watch?v=xnMSJ5JE9NA\" target=\"_blank\" rel=\"noopener\">link<\/a>.<\/p>","protected":false},"excerpt":{"rendered":"<p>Akrilna tekstura za diorame 100mL<\/p>","protected":false},"featured_media":16951,"template":"","meta":[],"product_brand":[],"product_cat":[370,369],"product_tag":[],"class_list":{"0":"post-16950","1":"product","2":"type-product","3":"status-publish","4":"has-post-thumbnail","6":"product_cat-akrilne-teksture-za-diorame","7":"product_cat-diorame","8":"pa_brand-ak-interactive","10":"first","11":"instock","12":"shipping-taxable","13":"purchasable","14":"product-type-simple"},"_links":{"self":[{"href":"http:\/\/flakhobby.com\/sr\/wp-json\/wp\/v2\/product\/16950","targetHints":{"allow":["GET"]}}],"collection":[{"href":"http:\/\/flakhobby.com\/sr\/wp-json\/wp\/v2\/product"}],"about":[{"href":"http:\/\/flakhobby.com\/sr\/wp-json\/wp\/v2\/types\/product"}],"version-history":[{"count":1,"href":"http:\/\/flakhobby.com\/sr\/wp-json\/wp\/v2\/product\/16950\/revisions"}],"predecessor-version":[{"id":16953,"href":"http:\/\/flakhobby.com\/sr\/wp-json\/wp\/v2\/product\/16950\/revisions\/16953"}],"wp:featuredmedia":[{"embeddable":true,"href":"http:\/\/flakhobby.com\/sr\/wp-json\/wp\/v2\/media\/16951"}],"wp:attachment":[{"href":"http:\/\/flakhobby.com\/sr\/wp-json\/wp\/v2\/media?parent=16950"}],"wp:term":[{"taxonomy":"product_brand","embeddable":true,"href":"http:\/\/flakhobby.com\/sr\/wp-json\/wp\/v2\/product_brand?post=16950"},{"taxonomy":"product_cat","embeddable":true,"href":"http:\/\/flakhobby.com\/sr\/wp-json\/wp\/v2\/product_cat?post=16950"},{"taxonomy":"product_tag","embeddable":true,"href":"http:\/\/flakhobby.com\/sr\/wp-json\/wp\/v2\/product_tag?post=16950"}],"curies":[{"name":"wp","href":"https:\/\/api.w.org\/{rel}","templated":true}]}}