{"id":16875,"date":"2023-03-21T21:10:25","date_gmt":"2023-03-21T21:10:25","guid":{"rendered":"https:\/\/flakhobby.com\/?post_type=product&#038;p=16875"},"modified":"2024-07-30T09:56:02","modified_gmt":"2024-07-30T09:56:02","slug":"akrilna-tekstura-puddles-60ml","status":"publish","type":"product","link":"http:\/\/flakhobby.com\/sr\/\u043f\u0440\u043e\u0438\u0437\u0432\u043e\u0434\/akrilna-tekstura-puddles-60ml\/","title":{"rendered":"Akrilna tekstura &#8211; Puddles &#8211; 60mL"},"content":{"rendered":"<p><em><strong>Puddles\u00a0<\/strong><\/em>je akrilni proizvod za preciznu reprezentaciju barica i ustajale vode.<br \/>\nProizvod je samoizravnavaju\u0107i. Nanosi se u tankim slojevima, ne vi\u0161e od 3mm debljine od jednom. Postepeno se mo\u017ee izgraditi.<\/p>\n<p>Nije toksi\u010dan.<\/p>","protected":false},"excerpt":{"rendered":"<p>Akrilna tekstura za diorame 60mL<\/p>","protected":false},"featured_media":16876,"template":"","meta":[],"product_brand":[],"product_cat":[370,369],"product_tag":[],"class_list":{"0":"post-16875","1":"product","2":"type-product","3":"status-publish","4":"has-post-thumbnail","6":"product_cat-akrilne-teksture-za-diorame","7":"product_cat-diorame","8":"pa_brand-ak-interactive","10":"first","11":"instock","12":"shipping-taxable","13":"purchasable","14":"product-type-simple"},"_links":{"self":[{"href":"http:\/\/flakhobby.com\/sr\/wp-json\/wp\/v2\/product\/16875","targetHints":{"allow":["GET"]}}],"collection":[{"href":"http:\/\/flakhobby.com\/sr\/wp-json\/wp\/v2\/product"}],"about":[{"href":"http:\/\/flakhobby.com\/sr\/wp-json\/wp\/v2\/types\/product"}],"version-history":[{"count":1,"href":"http:\/\/flakhobby.com\/sr\/wp-json\/wp\/v2\/product\/16875\/revisions"}],"predecessor-version":[{"id":16880,"href":"http:\/\/flakhobby.com\/sr\/wp-json\/wp\/v2\/product\/16875\/revisions\/16880"}],"wp:featuredmedia":[{"embeddable":true,"href":"http:\/\/flakhobby.com\/sr\/wp-json\/wp\/v2\/media\/16876"}],"wp:attachment":[{"href":"http:\/\/flakhobby.com\/sr\/wp-json\/wp\/v2\/media?parent=16875"}],"wp:term":[{"taxonomy":"product_brand","embeddable":true,"href":"http:\/\/flakhobby.com\/sr\/wp-json\/wp\/v2\/product_brand?post=16875"},{"taxonomy":"product_cat","embeddable":true,"href":"http:\/\/flakhobby.com\/sr\/wp-json\/wp\/v2\/product_cat?post=16875"},{"taxonomy":"product_tag","embeddable":true,"href":"http:\/\/flakhobby.com\/sr\/wp-json\/wp\/v2\/product_tag?post=16875"}],"curies":[{"name":"wp","href":"https:\/\/api.w.org\/{rel}","templated":true}]}}