{"id":15606,"date":"2022-10-26T14:20:32","date_gmt":"2022-10-26T14:20:32","guid":{"rendered":"https:\/\/flakhobby.com\/?post_type=product&#038;p=15606"},"modified":"2025-09-23T11:16:36","modified_gmt":"2025-09-23T11:16:36","slug":"mig-21-pfm-profipack","status":"publish","type":"product","link":"http:\/\/flakhobby.com\/sr\/\u043f\u0440\u043e\u0438\u0437\u0432\u043e\u0434\/mig-21-pfm-profipack\/","title":{"rendered":"MiG-21 PFM Profipack"},"content":{"rendered":"<h5>Oznake:<\/h5>\n<h6><img decoding=\"async\" title=\"CSK\" src=\"https:\/\/www.scalemates.com\/static\/images\/flags7\/32\/CSK.png\" alt=\"CSK\" width=\"16\" height=\"16\" \/> \u010ceskoslovensk\u00e9 vojensk\u00e9 letectvo<span class=\"nw\"> (Czechoslovak Air Force 1940-1993)<\/span><\/h6>\n<ul class=\"ut\">\n<li class=\"dco\"><strong>11 St\u00edhac\u00ed leteck\u00fd pluk (11 Fighter Regt.)<\/strong> <span class=\"nw bgd\">7909, (c\/n) 94N7909<\/span><br \/>\n<span class=\"nw bgb\">1991<\/span> Decom 20.03.1991 &#8211; \u017datec AB<br \/>\nSilver<\/li>\n<li class=\"dco\"><strong>11 St\u00edhac\u00ed leteck\u00fd pluk (11 Fighter Regt.)<\/strong> <span class=\"nw bgd\">4410, (c\/n) 94A4410<\/span><br \/>\n<span class=\"nw bgb\">March 1993<\/span> 19.03.1991 decommisioned &#8211; Vodochody (LKVO)<br \/>\nSilver, Blue, Red, White<\/li>\n<\/ul>\n<h6><img decoding=\"async\" title=\"DE\" src=\"https:\/\/www.scalemates.com\/static\/images\/flags7\/32\/DE.png\" alt=\"DE\" width=\"16\" height=\"16\" \/> Bundeswehr Luftwaffe<span class=\"nw\"> (German Air Force 1956-now)<\/span><\/h6>\n<ul class=\"ut\">\n<li class=\"dco\"><strong>Jagdfliegergeschwader 1<\/strong> <span class=\"nw bgd\">22+02, (c\/n) 94A6709<\/span><br \/>\n<span class=\"nw bgb\">1990<\/span> &#8211; Drewitz<br \/>\nWhite, Light Blue, Red, Yellow<\/li>\n<\/ul>\n<h6><img decoding=\"async\" title=\"EG\" src=\"https:\/\/www.scalemates.com\/static\/images\/flags7\/32\/EG.png\" alt=\"EG\" width=\"16\" height=\"16\" \/> \u0627\u0644\u0642\u0648\u0627\u062a \u0627\u0644\u062c\u0648\u064a\u0629 \u0627\u0644\u0645\u0635\u0631\u064a\u0629<span class=\"nw\"> (Egyptian Air Force 1952-1958 &amp; 1971-now)<\/span><\/h6>\n<ul class=\"ut\">\n<li class=\"dco\"><strong>Sand, Dark Earth, Light Blue<\/strong><br \/>\n<span class=\"nw bgb\">1980<\/span> &#8211; Inshas AFB<\/li>\n<\/ul>\n<h6><img loading=\"lazy\" decoding=\"async\" title=\"VN\" src=\"https:\/\/www.scalemates.com\/static\/images\/flags7\/32\/VN.png\" alt=\"VN\" width=\"16\" height=\"16\" \/> Kh\u00f4ng qu\u00e2n Nh\u00e2n d\u00e2n Vi\u1ec7t Nam<span class=\"nw\"> (Vietnam People&#8217;s Air Force 1959-now)<\/span><\/h6>\n<ul class=\"ut\">\n<li class=\"dco\"><strong>921 Fighter Reg.<\/strong> <span class=\"nw bgd\">5015<\/span> <em>(Nguyen Van Coc ?)<\/em><br \/>\n<span class=\"nw bgb\">1968<\/span> Vietnam War &#8211; Noi Bai AFB<br \/>\nSilver, Field Green<\/li>\n<\/ul>","protected":false},"excerpt":{"rendered":"<p>Sadr\u017ei:<\/p>\n<ul>\n<li>Plasti\u010dna maketa &#8211; 1\/72<\/li>\n<li>Dekali &#8211; 5 opcija<\/li>\n<li>Eceraj<\/li>\n<li>Maska za poklopac kabine<\/li>\n<li>Sastavnica<\/li>\n<\/ul>","protected":false},"featured_media":15607,"template":"","meta":[],"product_brand":[],"product_cat":[329],"product_tag":[],"class_list":{"0":"post-15606","1":"product","2":"type-product","3":"status-publish","4":"has-post-thumbnail","6":"product_cat-vojni-avioni-i-helikopteri","7":"pa_brand-eduard","9":"first","10":"outofstock","11":"shipping-taxable","12":"purchasable","13":"product-type-simple"},"_links":{"self":[{"href":"http:\/\/flakhobby.com\/sr\/wp-json\/wp\/v2\/product\/15606","targetHints":{"allow":["GET"]}}],"collection":[{"href":"http:\/\/flakhobby.com\/sr\/wp-json\/wp\/v2\/product"}],"about":[{"href":"http:\/\/flakhobby.com\/sr\/wp-json\/wp\/v2\/types\/product"}],"version-history":[{"count":1,"href":"http:\/\/flakhobby.com\/sr\/wp-json\/wp\/v2\/product\/15606\/revisions"}],"predecessor-version":[{"id":15621,"href":"http:\/\/flakhobby.com\/sr\/wp-json\/wp\/v2\/product\/15606\/revisions\/15621"}],"wp:featuredmedia":[{"embeddable":true,"href":"http:\/\/flakhobby.com\/sr\/wp-json\/wp\/v2\/media\/15607"}],"wp:attachment":[{"href":"http:\/\/flakhobby.com\/sr\/wp-json\/wp\/v2\/media?parent=15606"}],"wp:term":[{"taxonomy":"product_brand","embeddable":true,"href":"http:\/\/flakhobby.com\/sr\/wp-json\/wp\/v2\/product_brand?post=15606"},{"taxonomy":"product_cat","embeddable":true,"href":"http:\/\/flakhobby.com\/sr\/wp-json\/wp\/v2\/product_cat?post=15606"},{"taxonomy":"product_tag","embeddable":true,"href":"http:\/\/flakhobby.com\/sr\/wp-json\/wp\/v2\/product_tag?post=15606"}],"curies":[{"name":"wp","href":"https:\/\/api.w.org\/{rel}","templated":true}]}}