{"id":15486,"date":"2022-10-22T19:47:28","date_gmt":"2022-10-22T19:47:28","guid":{"rendered":"https:\/\/flakhobby.com\/?post_type=product&#038;p=15486"},"modified":"2025-06-13T11:59:48","modified_gmt":"2025-06-13T11:59:48","slug":"sundercici-za-poliranje-plastike-10000","status":"publish","type":"product","link":"http:\/\/flakhobby.com\/sr\/\u043f\u0440\u043e\u0438\u0437\u0432\u043e\u0434\/sundercici-za-poliranje-plastike-10000\/","title":{"rendered":"Sun\u0111er\u010di\u0107i za poliranje plastike &#8211; #10000"},"content":{"rendered":"","protected":false},"excerpt":{"rendered":"<p>Sun\u0111er\u010di\u0107i za poliranje<\/p>\n<ul>\n<li>#10000<\/li>\n<li>12 kom<\/li>\n<\/ul>","protected":false},"featured_media":15487,"template":"","meta":[],"product_brand":[],"product_cat":[368,358],"product_tag":[],"class_list":{"0":"post-15486","1":"product","2":"type-product","3":"status-publish","4":"has-post-thumbnail","6":"product_cat-ostalo","7":"product_cat-maketarski-alat-i-pribor","8":"pa_brand-dspiae","10":"first","11":"outofstock","12":"shipping-taxable","13":"purchasable","14":"product-type-simple"},"_links":{"self":[{"href":"http:\/\/flakhobby.com\/sr\/wp-json\/wp\/v2\/product\/15486","targetHints":{"allow":["GET"]}}],"collection":[{"href":"http:\/\/flakhobby.com\/sr\/wp-json\/wp\/v2\/product"}],"about":[{"href":"http:\/\/flakhobby.com\/sr\/wp-json\/wp\/v2\/types\/product"}],"version-history":[{"count":2,"href":"http:\/\/flakhobby.com\/sr\/wp-json\/wp\/v2\/product\/15486\/revisions"}],"predecessor-version":[{"id":19845,"href":"http:\/\/flakhobby.com\/sr\/wp-json\/wp\/v2\/product\/15486\/revisions\/19845"}],"wp:featuredmedia":[{"embeddable":true,"href":"http:\/\/flakhobby.com\/sr\/wp-json\/wp\/v2\/media\/15487"}],"wp:attachment":[{"href":"http:\/\/flakhobby.com\/sr\/wp-json\/wp\/v2\/media?parent=15486"}],"wp:term":[{"taxonomy":"product_brand","embeddable":true,"href":"http:\/\/flakhobby.com\/sr\/wp-json\/wp\/v2\/product_brand?post=15486"},{"taxonomy":"product_cat","embeddable":true,"href":"http:\/\/flakhobby.com\/sr\/wp-json\/wp\/v2\/product_cat?post=15486"},{"taxonomy":"product_tag","embeddable":true,"href":"http:\/\/flakhobby.com\/sr\/wp-json\/wp\/v2\/product_tag?post=15486"}],"curies":[{"name":"wp","href":"https:\/\/api.w.org\/{rel}","templated":true}]}}