{"id":13255,"date":"2022-07-11T22:09:29","date_gmt":"2022-07-11T22:09:29","guid":{"rendered":"https:\/\/flakhobby.com\/?post_type=product&#038;p=13255"},"modified":"2025-06-13T11:45:24","modified_gmt":"2025-06-13T11:45:24","slug":"mesingane-cackalice-3kom","status":"publish","type":"product","link":"http:\/\/flakhobby.com\/sr\/\u043f\u0440\u043e\u0438\u0437\u0432\u043e\u0434\/mesingane-cackalice-3kom\/","title":{"rendered":"Mesingane \u010da\u010dkalice &#8211; 3kom"},"content":{"rendered":"<p>Multifunkcionalne mesingane \u010da\u010dkalice<\/p>","protected":false},"excerpt":{"rendered":"<p>Multifunkcionalne mesingane \u010da\u010dkalice<\/p>","protected":false},"featured_media":13256,"template":"","meta":[],"product_brand":[],"product_cat":[358,367],"product_tag":[],"class_list":{"0":"post-13255","1":"product","2":"type-product","3":"status-publish","4":"has-post-thumbnail","6":"product_cat-maketarski-alat-i-pribor","7":"product_cat-rucni-alat-smirgle-konac-za-rigging","8":"pa_brand-ammo","10":"first","11":"outofstock","12":"shipping-taxable","13":"purchasable","14":"product-type-simple"},"_links":{"self":[{"href":"http:\/\/flakhobby.com\/sr\/wp-json\/wp\/v2\/product\/13255","targetHints":{"allow":["GET"]}}],"collection":[{"href":"http:\/\/flakhobby.com\/sr\/wp-json\/wp\/v2\/product"}],"about":[{"href":"http:\/\/flakhobby.com\/sr\/wp-json\/wp\/v2\/types\/product"}],"version-history":[{"count":1,"href":"http:\/\/flakhobby.com\/sr\/wp-json\/wp\/v2\/product\/13255\/revisions"}],"predecessor-version":[{"id":13268,"href":"http:\/\/flakhobby.com\/sr\/wp-json\/wp\/v2\/product\/13255\/revisions\/13268"}],"wp:featuredmedia":[{"embeddable":true,"href":"http:\/\/flakhobby.com\/sr\/wp-json\/wp\/v2\/media\/13256"}],"wp:attachment":[{"href":"http:\/\/flakhobby.com\/sr\/wp-json\/wp\/v2\/media?parent=13255"}],"wp:term":[{"taxonomy":"product_brand","embeddable":true,"href":"http:\/\/flakhobby.com\/sr\/wp-json\/wp\/v2\/product_brand?post=13255"},{"taxonomy":"product_cat","embeddable":true,"href":"http:\/\/flakhobby.com\/sr\/wp-json\/wp\/v2\/product_cat?post=13255"},{"taxonomy":"product_tag","embeddable":true,"href":"http:\/\/flakhobby.com\/sr\/wp-json\/wp\/v2\/product_tag?post=13255"}],"curies":[{"name":"wp","href":"https:\/\/api.w.org\/{rel}","templated":true}]}}